{"id":1451,"date":"2017-10-27T16:07:01","date_gmt":"2017-10-27T14:07:01","guid":{"rendered":"http:\/\/www.alcarsrl.it\/?page_id=1451\/"},"modified":"2017-10-28T09:22:43","modified_gmt":"2017-10-28T07:22:43","slug":"repuestos-para-maquinas-agricolas","status":"publish","type":"page","link":"https:\/\/www.alcarsrl.it\/es\/repuestos-para-maquinas-agricolas\/","title":{"rendered":"repuestos para m\u00e1quinas agr\u00edcolas"},"content":{"rendered":"<p>[vc_row full_width=\u00bbstretch_row\u00bb equal_height=\u00bbyes\u00bb content_placement=\u00bbmiddle\u00bb bg_type=\u00bbbg_color\u00bb css=\u00bb.vc_custom_1463393612041{margin-top: 0px !important;background-color: #e7ebea !important;}\u00bb][vc_column width=\u00bb1\/4&#8243;][vc_single_image image=\u00bb33&#8243; img_size=\u00bb122&#215;88&#8243; alignment=\u00bbcenter\u00bb css=\u00bb.vc_custom_1461679991391{padding-top: 10px !important;}\u00bb][\/vc_column][vc_column width=\u00bb3\/4&#8243;][vc_column_text css=\u00bb.vc_custom_1509175180225{padding-right: 20px !important;padding-left: 20px !important;}\u00bb]<\/p>\n<h4 style=\"text-align: justify; line-height: 120%;\">Tenemos repuestos y componentes originales y alternativos de calidad, para tractores y m\u00e1quinas agr\u00edcolas de nueva y viejas generaciones, especialmente CNH, NEW HOLLAND, FIAT, LAVERDA, SAME, DEUTZ.<\/h4>\n<h4 style=\"text-align: justify; line-height: 120%;\">Una l\u00ednea de repuestos y accesorios de alta calidad para la agricultura.<\/h4>\n<p>[\/vc_column_text][\/vc_column][\/vc_row][vc_row][vc_column][\/vc_column][\/vc_row][vc_row][vc_column width=\u00bb1\/3&#8243;][vc_single_image image=\u00bb822&#8243; img_size=\u00bbmedium\u00bb alignment=\u00bbcenter\u00bb css_animation=\u00bbappear\u00bb][vc_column_text]<\/p>\n<h3 style=\"text-align: center;\">REPUESTOS PARA MOTORES<br \/>\nE SISTEMAS DE INYECCI\u00d3N<\/h3>\n<p>[\/vc_column_text][vc_column_text css=\u00bb.vc_custom_1509175233783{padding-right: 20px !important;padding-left: 20px !important;}\u00bb]Culatas, pistones completos, cilindros, series anillos, metales, cig\u00fce\u00f1ales, \u00e1rboles de levas, cajas de velocidades, bombas de aceite y de agua, series juntas, inyectores, pulverizadores, bombas de inyecci\u00f3n y de alimentaci\u00f3n, embragues, motores de arranque y alternadores, compresores, turbocompresores y filtros.[\/vc_column_text][vc_row_inner][vc_column_inner][vc_separator el_width=\u00bb30&#8243;][\/vc_column_inner][\/vc_row_inner][\/vc_column][vc_column width=\u00bb1\/3&#8243;][vc_single_image image=\u00bb816&#8243; img_size=\u00bbmedium\u00bb alignment=\u00bbcenter\u00bb css_animation=\u00bbappear\u00bb][vc_column_text]<\/p>\n<h3 style=\"text-align: center;\">REPUESTOS PARA LA TRANSMISI\u00d3N,<br \/>\nEJES, DIRECCI\u00d3N, FRENOS Y SUSPENSIONES<\/h3>\n<p>[\/vc_column_text][vc_column_text css=\u00bb.vc_custom_1509175269654{padding-right: 20px !important;padding-left: 20px !important;}\u00bb]Tirantes\/tensores, cubos, cojinetes, pasadores, ejes direccionales, juntas, tambores, discos y zapatas de freno, barras estabilizadoras, brazos oscilantes, amortiguadores.[\/vc_column_text][vc_row_inner][vc_column_inner][vc_separator el_width=\u00bb30&#8243;][\/vc_column_inner][\/vc_row_inner][\/vc_column][vc_column width=\u00bb1\/3&#8243;][vc_single_image image=\u00bb815&#8243; img_size=\u00bbmedium\u00bb alignment=\u00bbcenter\u00bb css_animation=\u00bbappear\u00bb][vc_column_text]<\/p>\n<h3 style=\"text-align: center;\">REPUESTOS Y COMPONENTES<br \/>\nHIDR\u00c1ULICOS Y NEUM\u00c1TICOS<\/h3>\n<p>[\/vc_column_text][vc_column_text css=\u00bb.vc_custom_1509175315382{padding-right: 20px !important;padding-left: 20px !important;}\u00bb]Bombas y motores hidr\u00e1ulicos, cilindros hidr\u00e1ulicos y neum\u00e1ticos, distribuidores y v\u00e1lvulas hidr\u00e1ulicas, mangueras hidr\u00e1ulicas.[\/vc_column_text][vc_row_inner][vc_column_inner][vc_separator el_width=\u00bb30&#8243;][\/vc_column_inner][\/vc_row_inner][\/vc_column][\/vc_row][vc_row][vc_column width=\u00bb1\/3&#8243;][vc_single_image image=\u00bb1165&#8243; img_size=\u00bbmedium\u00bb alignment=\u00bbcenter\u00bb css_animation=\u00bbappear\u00bb][vc_column_text]<\/p>\n<h3 style=\"text-align: center;\">REPUESTOS DE TRENES DE RODAJE<\/h3>\n<p>[\/vc_column_text][vc_column_text css=\u00bb.vc_custom_1509175335366{padding-right: 20px !important;padding-left: 20px !important;}\u00bb]<\/p>\n<p class=\"p1\">Catenarias de rodillos, orugas, patines, rodillos, coronas dentadas y elementos antidesgaste.<\/p>\n<p>[\/vc_column_text][vc_separator el_width=\u00bb30&#8243;][\/vc_column][vc_column width=\u00bb1\/3&#8243;][vc_single_image image=\u00bb1186&#8243; img_size=\u00bbmedium\u00bb alignment=\u00bbcenter\u00bb css_animation=\u00bbappear\u00bb][vc_column_text]<\/p>\n<h3 style=\"text-align: center;\">MOTORES DE REEMPLAZO<\/h3>\n<p>[\/vc_column_text][vc_column_text css=\u00bb.vc_custom_1509175355782{padding-right: 20px !important;padding-left: 20px !important;}\u00bb]Motores completos, semicompletos o aligerados.[\/vc_column_text][vc_separator el_width=\u00bb30&#8243;][\/vc_column][vc_column width=\u00bb1\/3&#8243;][\/vc_column][\/vc_row][vc_row full_width=\u00bbstretch_row\u00bb css=\u00bb.vc_custom_1463471338548{border-top-width: 1px !important;background-image: url(https:\/\/www.alcarsrl.it\/wp-content\/uploads\/2016\/04\/alcar_a_texture.png?id=936) !important;border-top-color: #e0e0e0 !important;border-top-style: solid !important;}\u00bb][vc_column][vc_single_image image=\u00bb246&#8243; img_size=\u00bb768&#215;480&#8243; alignment=\u00bbcenter\u00bb][\/vc_column][\/vc_row]<\/p>\n","protected":false},"excerpt":{"rendered":"<p>[vc_row full_width=\u00bbstretch_row\u00bb equal_height=\u00bbyes\u00bb content_placement=\u00bbmiddle\u00bb bg_type=\u00bbbg_color\u00bb css=\u00bb.vc_custom_1463393612041{margin-top: 0px !important;background-color: #e7ebea !important;}\u00bb][vc_column width=\u00bb1\/4&#8243;][vc_single_image image=\u00bb33&#8243; img_size=\u00bb122&#215;88&#8243; alignment=\u00bbcenter\u00bb css=\u00bb.vc_custom_1461679991391{padding-top: 10px !important;}\u00bb][\/vc_column][vc_column width=\u00bb3\/4&#8243;][vc_column_text css=\u00bb.vc_custom_1509175180225{padding-right: 20px !important;padding-left: 20px !important;}\u00bb] Tenemos repuestos y<span class=\"excerpt-hellip\"> [\u2026]<\/span><\/p>\n","protected":false},"author":1,"featured_media":0,"parent":0,"menu_order":0,"comment_status":"closed","ping_status":"closed","template":"","meta":{"footnotes":""},"class_list":["post-1451","page","type-page","status-publish","hentry"],"_links":{"self":[{"href":"https:\/\/www.alcarsrl.it\/es\/wp-json\/wp\/v2\/pages\/1451","targetHints":{"allow":["GET"]}}],"collection":[{"href":"https:\/\/www.alcarsrl.it\/es\/wp-json\/wp\/v2\/pages"}],"about":[{"href":"https:\/\/www.alcarsrl.it\/es\/wp-json\/wp\/v2\/types\/page"}],"author":[{"embeddable":true,"href":"https:\/\/www.alcarsrl.it\/es\/wp-json\/wp\/v2\/users\/1"}],"replies":[{"embeddable":true,"href":"https:\/\/www.alcarsrl.it\/es\/wp-json\/wp\/v2\/comments?post=1451"}],"version-history":[{"count":3,"href":"https:\/\/www.alcarsrl.it\/es\/wp-json\/wp\/v2\/pages\/1451\/revisions"}],"predecessor-version":[{"id":1486,"href":"https:\/\/www.alcarsrl.it\/es\/wp-json\/wp\/v2\/pages\/1451\/revisions\/1486"}],"wp:attachment":[{"href":"https:\/\/www.alcarsrl.it\/es\/wp-json\/wp\/v2\/media?parent=1451"}],"curies":[{"name":"wp","href":"https:\/\/api.w.org\/{rel}","templated":true}]}}