{"id":1455,"date":"2017-10-27T16:09:26","date_gmt":"2017-10-27T14:09:26","guid":{"rendered":"http:\/\/www.alcarsrl.it\/?page_id=1455\/"},"modified":"2017-10-28T09:32:35","modified_gmt":"2017-10-28T07:32:35","slug":"repuestos-para-maquinas-de-movimiento-de-tierras","status":"publish","type":"page","link":"https:\/\/www.alcarsrl.it\/es\/repuestos-para-maquinas-de-movimiento-de-tierras\/","title":{"rendered":"repuestos para m\u00e1quinas de movimiento de tierras"},"content":{"rendered":"<p>[vc_row full_width=\u00bbstretch_row\u00bb equal_height=\u00bbyes\u00bb content_placement=\u00bbmiddle\u00bb bg_type=\u00bbbg_color\u00bb css=\u00bb.vc_custom_1463471703687{margin-top: 0px !important;background-color: #e7ebea !important;}\u00bb][vc_column width=\u00bb1\/4&#8243;][vc_single_image image=\u00bb47&#8243; img_size=\u00bb128&#215;75&#8243; alignment=\u00bbcenter\u00bb css=\u00bb.vc_custom_1461749233077{padding-top: 10px !important;}\u00bb][\/vc_column][vc_column width=\u00bb3\/4&#8243;][vc_column_text css=\u00bb.vc_custom_1509175732189{padding-right: 20px !important;padding-left: 20px !important;}\u00bb]<\/p>\n<h4 style=\"text-align: justify; line-height: 120%;\">Tenemos repuestos y componentes para motores, hidr\u00e1ulicas y trenes de rodaje para m\u00e1quinas de movimiento de tierras y para la construcci\u00f3n de las lineas CNH CONSTRUCTION, FIAT-HITACHI, FIAT-KOBELCO, de nueva fabricaci\u00f3n y viejas y para otras marcas principales m\u00e1s.<\/h4>\n<p>[\/vc_column_text][\/vc_column][\/vc_row][vc_row][vc_column width=\u00bb1\/3&#8243;][vc_single_image image=\u00bb848&#8243; img_size=\u00bbmedium\u00bb alignment=\u00bbcenter\u00bb css_animation=\u00bbappear\u00bb][vc_column_text]<\/p>\n<h3 style=\"text-align: center;\">REPUESTOS PARA MOTORES<br \/>\nE SISTEMAS DE INYECCI\u00d3N<\/h3>\n<p>[\/vc_column_text][vc_column_text css=\u00bb.vc_custom_1509175825258{padding-right: 20px !important;padding-left: 20px !important;}\u00bb]Culatas, pistones completos, cilindros, series anillos, metales, cig\u00fce\u00f1ales, \u00e1rboles de levas, cajas de velocidades, bombas de aceite y de agua, series juntas, inyectores, pulverizadores, bombas de inyecci\u00f3n y de alimentaci\u00f3n, embragues, motores de arranque y alternadores, compresores, turbocompresores y filtros.[\/vc_column_text][vc_separator el_width=\u00bb30&#8243;][\/vc_column][vc_column width=\u00bb1\/3&#8243;][vc_single_image image=\u00bb851&#8243; img_size=\u00bbmedium\u00bb alignment=\u00bbcenter\u00bb css_animation=\u00bbappear\u00bb][vc_column_text]<\/p>\n<h3 style=\"text-align: center;\">REPUESTOS PARA LA TRANSMISI\u00d3N, EJES,<br \/>\nDIRECCI\u00d3N, FRENOS Y SUSPENSIONES<\/h3>\n<p>[\/vc_column_text][vc_column_text css=\u00bb.vc_custom_1509175864763{padding-right: 20px !important;padding-left: 20px !important;}\u00bb]Tirantes\/tensores, cubos, cojinetes, pasadores, ejes direccionales, juntas, tambores, discos y zapatas de freno, barras estabilizadoras, brazos oscilantes, amortiguadores.[\/vc_column_text][vc_separator el_width=\u00bb30&#8243;][\/vc_column][vc_column width=\u00bb1\/3&#8243;][vc_single_image image=\u00bb815&#8243; img_size=\u00bbmedium\u00bb alignment=\u00bbcenter\u00bb css_animation=\u00bbappear\u00bb][vc_column_text]<\/p>\n<h3 style=\"text-align: center;\">REPUESTOS Y COMPONENTES<br \/>\nHIDR\u00c1ULICOS Y NEUM\u00c1TICOS<\/h3>\n<p>[\/vc_column_text][vc_column_text css=\u00bb.vc_custom_1461749637457{padding-right: 20px !important;padding-left: 20px !important;}\u00bb]Pompe e motori oleodinamici, cilindri idraulici e pneumatici, distributori e valvole oleodinamiche, tubi idraulici.[\/vc_column_text][vc_separator el_width=\u00bb30&#8243;][\/vc_column][\/vc_row][vc_row][vc_column width=\u00bb1\/3&#8243;][vc_single_image image=\u00bb855&#8243; img_size=\u00bbmedium\u00bb alignment=\u00bbcenter\u00bb css_animation=\u00bbappear\u00bb][vc_column_text]<\/p>\n<h3 style=\"text-align: center;\">REPUESTOS PARA TRENES DE RODAJE<\/h3>\n<p>[\/vc_column_text][vc_column_text css=\u00bb.vc_custom_1509175893840{padding-right: 20px !important;padding-left: 20px !important;}\u00bb]Bombas y motores hidr\u00e1ulicos, cilindros hidr\u00e1ulicos y neum\u00e1ticos, distribuidores y v\u00e1lvulas hidr\u00e1ulicas, mangueras hidr\u00e1ulicas.[\/vc_column_text][vc_separator el_width=\u00bb30&#8243;][\/vc_column][vc_column width=\u00bb1\/3&#8243;][vc_single_image image=\u00bb1189&#8243; img_size=\u00bbmedium\u00bb alignment=\u00bbcenter\u00bb css_animation=\u00bbappear\u00bb][vc_column_text]<\/p>\n<h3 style=\"text-align: center;\">MOTORES DE REEMPLAZO<br \/>\n<span style=\"color: #ffffff;\">\u2013<\/span><\/h3>\n<p>[\/vc_column_text][vc_column_text css=\u00bb.vc_custom_1509175948402{padding-right: 20px !important;padding-left: 20px !important;}\u00bb]<\/p>\n<p style=\"text-align: center;\">Motores completos, semicompletos o aligerados.<\/p>\n<p>[\/vc_column_text][vc_separator el_width=\u00bb30&#8243;][\/vc_column][vc_column width=\u00bb1\/3&#8243;][\/vc_column][\/vc_row][vc_row full_width=\u00bbstretch_row\u00bb css=\u00bb.vc_custom_1463471775575{border-top-width: 1px !important;background-image: url(https:\/\/www.alcarsrl.it\/wp-content\/uploads\/2016\/04\/alcar_a_texture.png?id=936) !important;border-top-color: #f2f2f2 !important;border-top-style: solid !important;}\u00bb][vc_column][vc_single_image image=\u00bb275&#8243; img_size=\u00bb580&#215;480&#8243; alignment=\u00bbcenter\u00bb][\/vc_column][\/vc_row]<\/p>\n","protected":false},"excerpt":{"rendered":"<p>[vc_row full_width=\u00bbstretch_row\u00bb equal_height=\u00bbyes\u00bb content_placement=\u00bbmiddle\u00bb bg_type=\u00bbbg_color\u00bb css=\u00bb.vc_custom_1463471703687{margin-top: 0px !important;background-color: #e7ebea !important;}\u00bb][vc_column width=\u00bb1\/4&#8243;][vc_single_image image=\u00bb47&#8243; img_size=\u00bb128&#215;75&#8243; alignment=\u00bbcenter\u00bb css=\u00bb.vc_custom_1461749233077{padding-top: 10px !important;}\u00bb][\/vc_column][vc_column width=\u00bb3\/4&#8243;][vc_column_text css=\u00bb.vc_custom_1509175732189{padding-right: 20px !important;padding-left: 20px !important;}\u00bb] Tenemos repuestos y<span class=\"excerpt-hellip\"> [\u2026]<\/span><\/p>\n","protected":false},"author":1,"featured_media":0,"parent":0,"menu_order":0,"comment_status":"closed","ping_status":"closed","template":"","meta":{"footnotes":""},"class_list":["post-1455","page","type-page","status-publish","hentry"],"_links":{"self":[{"href":"https:\/\/www.alcarsrl.it\/es\/wp-json\/wp\/v2\/pages\/1455","targetHints":{"allow":["GET"]}}],"collection":[{"href":"https:\/\/www.alcarsrl.it\/es\/wp-json\/wp\/v2\/pages"}],"about":[{"href":"https:\/\/www.alcarsrl.it\/es\/wp-json\/wp\/v2\/types\/page"}],"author":[{"embeddable":true,"href":"https:\/\/www.alcarsrl.it\/es\/wp-json\/wp\/v2\/users\/1"}],"replies":[{"embeddable":true,"href":"https:\/\/www.alcarsrl.it\/es\/wp-json\/wp\/v2\/comments?post=1455"}],"version-history":[{"count":3,"href":"https:\/\/www.alcarsrl.it\/es\/wp-json\/wp\/v2\/pages\/1455\/revisions"}],"predecessor-version":[{"id":1491,"href":"https:\/\/www.alcarsrl.it\/es\/wp-json\/wp\/v2\/pages\/1455\/revisions\/1491"}],"wp:attachment":[{"href":"https:\/\/www.alcarsrl.it\/es\/wp-json\/wp\/v2\/media?parent=1455"}],"curies":[{"name":"wp","href":"https:\/\/api.w.org\/{rel}","templated":true}]}}