{"id":1457,"date":"2017-10-27T16:12:01","date_gmt":"2017-10-27T14:12:01","guid":{"rendered":"http:\/\/www.alcarsrl.it\/?page_id=1457\/"},"modified":"2017-10-28T09:17:54","modified_gmt":"2017-10-28T07:17:54","slug":"grupos-electrogenos","status":"publish","type":"page","link":"https:\/\/www.alcarsrl.it\/es\/grupos-electrogenos\/","title":{"rendered":"grupos electr\u00f3genos"},"content":{"rendered":"<p>[vc_row full_width=\u00bbstretch_row\u00bb bg_type=\u00bbgrad\u00bb bg_grad=\u00bbbackground: -webkit-gradient(linear, left top, left bottom, color-stop(0%, #00CC99), color-stop(99%, #EEF2ED));background: -moz-linear-gradient(-45deg,#00CC99 0%,#EEF2ED 99%);background: -webkit-linear-gradient(-45deg,#00CC99 0%,#EEF2ED 99%);background: -o-linear-gradient(-45deg,#00CC99 0%,#EEF2ED 99%);background: -ms-linear-gradient(-45deg,#00CC99 0%,#EEF2ED 99%);background: linear-gradient(-45deg,#00CC99 0%,#EEF2ED 99%);\u00bb][vc_column][vc_empty_space height=\u00bb80px\u00bb][vc_column_text]<\/p>\n<h2 style=\"text-align: center;\"><span style=\"background-color: #ffffff; display: inline; white-space: pre-wrap; border: 0 solid #FFF; border-width: 0.3em 0.2em 0.1em 0.2em;\">GRUPOS ELECTR\u00d3GENOS<\/span><\/h2>\n<p>[\/vc_column_text][vc_empty_space height=\u00bb120px\u00bb][\/vc_column][\/vc_row][vc_row full_width=\u00bbstretch_row\u00bb bg_type=\u00bbbg_color\u00bb css=\u00bb.vc_custom_1460465607524{margin-top: -50px !important;background-color: #e7ebea !important;}\u00bb][vc_column width=\u00bb1\/6&#8243;][\/vc_column][vc_column width=\u00bb2\/3&#8243;][vc_column_text]<\/p>\n<h4 style=\"text-align: justify; line-height: 120%;\">Distribuimos equipos para el sector de energ\u00eda y agua: grupos electr\u00f3genos abiertos, grupos electr\u00f3genos silenciados, contenedores y otros productos m\u00e1s.<\/h4>\n<p>[\/vc_column_text][\/vc_column][vc_column width=\u00bb1\/6&#8243;][\/vc_column][\/vc_row][vc_row full_width=\u00bbstretch_row\u00bb parallax=\u00bbcontent-moving\u00bb][vc_column][vc_column_text]<\/p>\n<h5 style=\"text-align: center; text-transform: uppercase;\">GRUPOS ELECTR\u00d3GENOS PARA TODAS LAS NECESIDADES, CON POTENCIAS DESDE 2 HASTA 2.000 KVA.<\/h5>\n<p>[\/vc_column_text][vc_column_text css=\u00bb.vc_custom_1509174903146{margin-top: -20px !important;}\u00bb]<\/p>\n<h5 style=\"text-align: center; text-transform: uppercase;\">MOTORIZACIONES DE LAS MEJORES MARCAS: CUMMINS, IVECO, FPT, LOMBARDINI, PERKINS, VOLVO.<\/h5>\n<p>[\/vc_column_text][vc_column_text]<\/p>\n<h3 style=\"text-align: center;\"><span style=\"background-color: #f4f4f4; display: inline; white-space: pre-wrap; border: 0 solid #f4f4f4; border-width: 0.3em 0.2em 0.1em 0.2em;\"><span style=\"color: #00cc99;\">1\/<\/span> GRUPOS ELECTR\u00d3GENOS ABIERTOS<\/span><\/h3>\n<p>[\/vc_column_text][vc_column_text]<\/p>\n<p style=\"text-align: center;\">Grupos trif\u00e1sicos, abiertos, con motores refrigerados por agua para uso vers\u00e1til en obra, industria y agricultura.<\/p>\n<p>[\/vc_column_text][\/vc_column][\/vc_row][vc_row][vc_column width=\u00bb1\/3&#8243;][vc_single_image image=\u00bb726&#8243; img_size=\u00bbfull\u00bb alignment=\u00bbcenter\u00bb][vc_column_text css=\u00bb.vc_custom_1461763019363{margin-top: -30px !important;}\u00bb]<\/p>\n<h3 style=\"text-align: center;\">AG 22 L-O<\/h3>\n<p>[\/vc_column_text][vc_separator el_width=\u00bb30&#8243;][\/vc_column][vc_column width=\u00bb1\/3&#8243;][vc_single_image image=\u00bb730&#8243; img_size=\u00bbfull\u00bb alignment=\u00bbcenter\u00bb][vc_column_text css=\u00bb.vc_custom_1461763071137{margin-top: -30px !important;}\u00bb]<\/p>\n<h3 style=\"text-align: center;\">AG 505 D-O<\/h3>\n<p>[\/vc_column_text][vc_separator el_width=\u00bb30&#8243;][\/vc_column][vc_column width=\u00bb1\/3&#8243;][vc_single_image image=\u00bb732&#8243; img_size=\u00bbfull\u00bb alignment=\u00bbcenter\u00bb][vc_column_text css=\u00bb.vc_custom_1461763133369{margin-top: -30px !important;}\u00bb]<\/p>\n<h3 style=\"text-align: center;\">AG 1380 P-O<\/h3>\n<p>[\/vc_column_text][vc_separator el_width=\u00bb30&#8243;][\/vc_column][\/vc_row][vc_row full_width=\u00bbstretch_row_content_no_spaces\u00bb parallax=\u00bbcontent-moving\u00bb][vc_column][vc_column_text]<\/p>\n<h3 style=\"text-align: center;\"><span style=\"background-color: #f4f4f4; display: inline; white-space: pre-wrap; border: 0 solid #f4f4f4; border-width: 0.3em 0.2em 0.1em 0.2em;\"><span style=\"color: #00cc99;\">2\/<\/span> GRUPOS ELECTR\u00d3GENOS INSONORIZADOS<\/span><\/h3>\n<p>[\/vc_column_text][vc_column_text]<\/p>\n<p style=\"text-align: center;\">La cabinas insonorizadas de los grupos electr\u00f3genos son de acero y garantizan el m\u00e1ximo acceso para las operaciones de mantenimiento y limpieza.<\/p>\n<p>[\/vc_column_text][\/vc_column][\/vc_row][vc_row][vc_column width=\u00bb1\/2&#8243;][vc_single_image image=\u00bb727&#8243; img_size=\u00bb400&#215;400&#8243; alignment=\u00bbcenter\u00bb][vc_column_text css=\u00bb.vc_custom_1461763749142{margin-top: -30px !important;}\u00bb]<\/p>\n<h3 style=\"text-align: center;\">AG 22 P-S<\/h3>\n<p>[\/vc_column_text][vc_separator el_width=\u00bb30&#8243;][\/vc_column][vc_column width=\u00bb1\/2&#8243;][vc_single_image image=\u00bb728&#8243; img_size=\u00bb400&#215;400&#8243; alignment=\u00bbcenter\u00bb][vc_column_text css=\u00bb.vc_custom_1461764043782{margin-top: -30px !important;}\u00bb]<\/p>\n<h3 style=\"text-align: center;\">AG 110\u00a0I-S<\/h3>\n<p>[\/vc_column_text][vc_separator el_width=\u00bb30&#8243;][\/vc_column][\/vc_row][vc_row][vc_column width=\u00bb1\/2&#8243;][vc_single_image image=\u00bb729&#8243; img_size=\u00bb400&#215;400&#8243; alignment=\u00bbcenter\u00bb][vc_column_text css=\u00bb.vc_custom_1461764368722{margin-top: -30px !important;}\u00bb]<\/p>\n<h3 style=\"text-align: center;\">AG 440\u00a0V-S<\/h3>\n<p>[\/vc_column_text][vc_separator el_width=\u00bb30&#8243;][\/vc_column][vc_column width=\u00bb1\/2&#8243;][vc_single_image image=\u00bb731&#8243; img_size=\u00bb400&#215;400&#8243; alignment=\u00bbcenter\u00bb][vc_column_text css=\u00bb.vc_custom_1461764400008{margin-top: -30px !important;}\u00bb]<\/p>\n<h3 style=\"text-align: center;\">AG 1120 P-S<\/h3>\n<p>[\/vc_column_text][vc_separator el_width=\u00bb30&#8243;][\/vc_column][\/vc_row][vc_row full_width=\u00bbstretch_row_content_no_spaces\u00bb parallax=\u00bbcontent-moving\u00bb][vc_column][vc_column_text]<\/p>\n<h3 style=\"text-align: center;\"><span style=\"background-color: #f4f4f4; display: inline; white-space: pre-wrap; border: 0 solid #f4f4f4; border-width: 0.3em 0.2em 0.1em 0.2em;\"><span style=\"color: #00cc99;\">3\/<\/span> OTROS PRODUCTOS<\/span><\/h3>\n<p>[\/vc_column_text][\/vc_column][\/vc_row][vc_row][vc_column width=\u00bb1\/2&#8243;][vc_single_image image=\u00bb736&#8243; img_size=\u00bb400&#215;400&#8243; alignment=\u00bbcenter\u00bb][vc_column_text css=\u00bb.vc_custom_1509174999825{margin-top: -30px !important;}\u00bb]<\/p>\n<h3 style=\"text-align: center;\">CONTENEDORES<\/h3>\n<p>[\/vc_column_text][vc_column_text]<\/p>\n<p style=\"text-align: center;\">Posibilidad de instalar grupos electr\u00f3genos en contenedores de 10 &#8216;\/ 20&#8217; completos de luces internas, tomas auxiliares, calentadores y rejillas motorizadas.<\/p>\n<p>[\/vc_column_text][vc_separator el_width=\u00bb30&#8243;][\/vc_column][vc_column width=\u00bb1\/2&#8243;][vc_single_image image=\u00bb737&#8243; img_size=\u00bb400&#215;400&#8243; alignment=\u00bbcenter\u00bb][vc_column_text css=\u00bb.vc_custom_1509175039936{margin-top: -30px !important;}\u00bb]<\/p>\n<h3 style=\"text-align: center;\">TORRES DE ILUMINACI\u00d3N<\/h3>\n<p>[\/vc_column_text][vc_column_text]<\/p>\n<p style=\"text-align: center;\">Creadas para proporcionar iluminaci\u00f3n en cualquier circunstancia, desde las obras hasta grandes \u00e1reas exteriores y pueden ser estacionarias o m\u00f3viles.<\/p>\n<p>[\/vc_column_text][vc_separator el_width=\u00bb30&#8243;][\/vc_column][\/vc_row][vc_row][vc_column][\/vc_column][\/vc_row][vc_row][vc_column][vc_column_text]<\/p>\n<h3 style=\"text-align: center; font-weight: normal;\"><span style=\"color: #00cc99;\">TENEMOS REPUESTOS PARA NUESTROS GRUPOS DE ELECTR\u00d3GENOS<\/span><\/h3>\n<p>[\/vc_column_text][\/vc_column][\/vc_row]<\/p>\n","protected":false},"excerpt":{"rendered":"<p>[vc_row full_width=\u00bbstretch_row\u00bb bg_type=\u00bbgrad\u00bb bg_grad=\u00bbbackground: -webkit-gradient(linear, left top, left bottom, color-stop(0%, #00CC99), color-stop(99%, #EEF2ED));background: -moz-linear-gradient(-45deg,#00CC99 0%,#EEF2ED 99%);background: -webkit-linear-gradient(-45deg,#00CC99 0%,#EEF2ED 99%);background: -o-linear-gradient(-45deg,#00CC99 0%,#EEF2ED 99%);background: -ms-linear-gradient(-45deg,#00CC99 0%,#EEF2ED 99%);background: linear-gradient(-45deg,#00CC99<span class=\"excerpt-hellip\"> [\u2026]<\/span><\/p>\n","protected":false},"author":1,"featured_media":0,"parent":0,"menu_order":0,"comment_status":"closed","ping_status":"closed","template":"","meta":{"footnotes":""},"class_list":["post-1457","page","type-page","status-publish","hentry"],"_links":{"self":[{"href":"https:\/\/www.alcarsrl.it\/es\/wp-json\/wp\/v2\/pages\/1457","targetHints":{"allow":["GET"]}}],"collection":[{"href":"https:\/\/www.alcarsrl.it\/es\/wp-json\/wp\/v2\/pages"}],"about":[{"href":"https:\/\/www.alcarsrl.it\/es\/wp-json\/wp\/v2\/types\/page"}],"author":[{"embeddable":true,"href":"https:\/\/www.alcarsrl.it\/es\/wp-json\/wp\/v2\/users\/1"}],"replies":[{"embeddable":true,"href":"https:\/\/www.alcarsrl.it\/es\/wp-json\/wp\/v2\/comments?post=1457"}],"version-history":[{"count":3,"href":"https:\/\/www.alcarsrl.it\/es\/wp-json\/wp\/v2\/pages\/1457\/revisions"}],"predecessor-version":[{"id":1484,"href":"https:\/\/www.alcarsrl.it\/es\/wp-json\/wp\/v2\/pages\/1457\/revisions\/1484"}],"wp:attachment":[{"href":"https:\/\/www.alcarsrl.it\/es\/wp-json\/wp\/v2\/media?parent=1457"}],"curies":[{"name":"wp","href":"https:\/\/api.w.org\/{rel}","templated":true}]}}