{"id":1459,"date":"2017-10-27T16:13:16","date_gmt":"2017-10-27T14:13:16","guid":{"rendered":"http:\/\/www.alcarsrl.it\/?page_id=1459\/"},"modified":"2017-10-28T09:37:19","modified_gmt":"2017-10-28T07:37:19","slug":"motoembragues-y-motobombas","status":"publish","type":"page","link":"https:\/\/www.alcarsrl.it\/es\/motoembragues-y-motobombas\/","title":{"rendered":"motoembragues y motobombas"},"content":{"rendered":"<p>[vc_row full_width=\u00bbstretch_row\u00bb bg_type=\u00bbgrad\u00bb bg_grad=\u00bbbackground: -webkit-gradient(linear, left top, left bottom, color-stop(0%, #00CC99), color-stop(99%, #EEF2ED));background: -moz-linear-gradient(-45deg,#00CC99 0%,#EEF2ED 99%);background: -webkit-linear-gradient(-45deg,#00CC99 0%,#EEF2ED 99%);background: -o-linear-gradient(-45deg,#00CC99 0%,#EEF2ED 99%);background: -ms-linear-gradient(-45deg,#00CC99 0%,#EEF2ED 99%);background: linear-gradient(-45deg,#00CC99 0%,#EEF2ED 99%);\u00bb][vc_column][vc_empty_space height=\u00bb80px\u00bb][vc_column_text]<\/p>\n<h2 style=\"text-align: center;\">MOTOEMBRAGUES Y MOTOBOMBAS<\/h2>\n<p>[\/vc_column_text][vc_empty_space height=\u00bb120px\u00bb][\/vc_column][\/vc_row][vc_row full_width=\u00bbstretch_row\u00bb bg_type=\u00bbbg_color\u00bb css=\u00bb.vc_custom_1460465607524{margin-top: -50px !important;background-color: #e7ebea !important;}\u00bb][vc_column width=\u00bb1\/6&#8243;][\/vc_column][vc_column width=\u00bb2\/3&#8243;][vc_column_text]<\/p>\n<h4 style=\"text-align: justify; line-height: 120%;\">Somos especializados en la fabricaci\u00f3n y venta de motobombas de riego, para la industria, la construcci\u00f3n y sistemas contra incendios. Siendo dise\u00f1adas con cuidadosos detalles, las motobombas ALCAR garantizan un alto rendimiento y gran fiabilidad.<\/h4>\n<p>[\/vc_column_text][\/vc_column][vc_column width=\u00bb1\/6&#8243;][\/vc_column][\/vc_row][vc_row parallax=\u00bbcontent-moving\u00bb][vc_column][vc_column_text]<\/p>\n<h3 style=\"text-align: center;\"><span style=\"color: #00cc99;\">1\/<\/span> M\u00c1QUINAS, MOTOBOMBAS Y TECNOLOG\u00cdAS DE RIEGO<\/h3>\n<p>[\/vc_column_text][\/vc_column][\/vc_row][vc_row][vc_column width=\u00bb1\/2&#8243;][vc_row_inner][vc_column_inner css=\u00bb.vc_custom_1460717151216{padding-right: 20px !important;padding-left: 20px !important;}\u00bb][vc_column_text]<\/p>\n<h5>M\u00c1QUINAS DE RIEGO<\/h5>\n<p>[\/vc_column_text][vc_column_text]<\/p>\n<p style=\"text-align: justify;\">Est\u00e1n disponibles las m\u00e1quinas de riego de \u00faltima generaci\u00f3n, las que agrupan todas las caracter\u00edsticas para un sistema de riego ideal: absoluta calidad, pr\u00e1cticidad de empleo, extrema facilidad de utilizo, m\u00e1xima fiabilidad para todo tipo de cultivo y tierra, muy bajos consumos de energ\u00eda y de perdidas de carga, costos de mantenimiento pr\u00e1cticamente inexistentes, precios de las m\u00e1quinas muy competitivos.<\/p>\n<p>[\/vc_column_text][\/vc_column_inner][\/vc_row_inner][vc_row_inner][vc_column_inner][vc_single_image image=\u00bb1066&#8243; img_size=\u00bbfull\u00bb alignment=\u00bbcenter\u00bb css_animation=\u00bbappear\u00bb][\/vc_column_inner][\/vc_row_inner][vc_separator el_width=\u00bb30&#8243;][\/vc_column][vc_column width=\u00bb1\/2&#8243;][vc_row_inner][vc_column_inner css=\u00bb.vc_custom_1460717161183{padding-right: 20px !important;padding-left: 20px !important;}\u00bb][vc_column_text]<\/p>\n<h5>MOTOBOMBAS DE RIEGO<\/h5>\n<p>[\/vc_column_text][vc_column_text]Grupos motobombas de riego fabricadas con motores diesel acoplados con bombas horizontales o con bridas.[\/vc_column_text][\/vc_column_inner][\/vc_row_inner][vc_row_inner][vc_column_inner][vc_single_image image=\u00bb869&#8243; img_size=\u00bbfull\u00bb alignment=\u00bbcenter\u00bb css_animation=\u00bbappear\u00bb][\/vc_column_inner][\/vc_row_inner][vc_separator el_width=\u00bb30&#8243;][\/vc_column][\/vc_row][vc_row parallax=\u00bbcontent-moving\u00bb][vc_column][vc_column_text]<\/p>\n<h3 style=\"text-align: center;\"><span style=\"color: #00cc99;\">2\/<\/span> GRUPOS MOTOBOMBAS PARA LA INDUSTRIA Y LA CONSTRUCCI\u00d3N<\/h3>\n<p>[\/vc_column_text][\/vc_column][\/vc_row][vc_row][vc_column width=\u00bb1\/2&#8243;][vc_row_inner][vc_column_inner css=\u00bb.vc_custom_1460717172208{padding-right: 20px !important;padding-left: 20px !important;}\u00bb][vc_column_text]<\/p>\n<h5>MOTOBOMBAS DE VAC\u00cdO<\/h5>\n<p>[\/vc_column_text][vc_column_text]<\/p>\n<p style=\"text-align: justify;\">motobombas de vac\u00edo profesionales, capaces de arrancar r\u00e1pidamente y de bombear agua inclusive en presencia de un elevado porcentaje de aire.<\/p>\n<p>[\/vc_column_text][\/vc_column_inner][\/vc_row_inner][vc_row_inner][vc_column_inner][vc_single_image image=\u00bb873&#8243; img_size=\u00bbfull\u00bb alignment=\u00bbcenter\u00bb css_animation=\u00bbappear\u00bb][\/vc_column_inner][\/vc_row_inner][vc_separator el_width=\u00bb30&#8243;][\/vc_column][vc_column width=\u00bb1\/2&#8243;][vc_row_inner][vc_column_inner css=\u00bb.vc_custom_1460717182884{padding-right: 20px !important;padding-left: 20px !important;}\u00bb][vc_column_text]<\/p>\n<h5>MOTOBOMBAS AUTOCEBANTES<\/h5>\n<p>[\/vc_column_text][vc_column_text]<\/p>\n<p style=\"text-align: justify;\">Concebidas para cumplir con todas las exigencias de bombeo de aguas blancas, negras, turbias, fangosas o arenosas. Son extremadamente compactas y seguras: arrancan autom\u00e1ticamente (inclusive con desniveles de 7,5 m), permiten el paso de objetos de grandes dimensiones y se pueden inspeccionar con facilidad, garantizando asimismo un mantenimiento sencillo.<\/p>\n<p>[\/vc_column_text][\/vc_column_inner][\/vc_row_inner][vc_row_inner][vc_column_inner][vc_single_image image=\u00bb875&#8243; img_size=\u00bbfull\u00bb alignment=\u00bbcenter\u00bb css_animation=\u00bbappear\u00bb][\/vc_column_inner][\/vc_row_inner][vc_separator el_width=\u00bb30&#8243;][\/vc_column][\/vc_row][vc_row parallax=\u00bbcontent-moving\u00bb][vc_column][vc_column_text]<\/p>\n<h3 style=\"text-align: center;\"><span style=\"color: #00cc99;\">3\/<\/span> MOTOBOMBAS PARA SISTEMAS CONTRA INCENDIOS Y PRESURIZACI\u00d3N<\/h3>\n<p>[\/vc_column_text][\/vc_column][\/vc_row][vc_row][vc_column width=\u00bb1\/2&#8243;][vc_row_inner][vc_column_inner css=\u00bb.vc_custom_1460717198150{padding-right: 20px !important;padding-left: 20px !important;}\u00bb][vc_column_text]<\/p>\n<h5>GRUPOS CONTRA INCENDIOS<\/h5>\n<p>[\/vc_column_text][vc_column_text]<\/p>\n<p style=\"text-align: justify;\">La gama est\u00e1ndar de unidades contra incendios EN12845 incluye las siguientes versiones: Base-Junta y Sumergibles. Vienen preensambladas sobre una s\u00f3lida base de acero galvanizado que incluye tambi\u00e9n la estructura de los tableros el\u00e9ctricos. Los m\u00f3dulos adem\u00e1s son muy confiables gracias a la alta calidad de los materiales empleados para su fabricaci\u00f3n y pueden configurarse a seg\u00fan de las necesidades de los clientes, pero siempre de acuerdo con las normativas vigentes.<\/p>\n<p>[\/vc_column_text][\/vc_column_inner][\/vc_row_inner][vc_row_inner][vc_column_inner][vc_single_image image=\u00bb1209&#8243; img_size=\u00bbfull\u00bb alignment=\u00bbcenter\u00bb css_animation=\u00bbappear\u00bb][\/vc_column_inner][\/vc_row_inner][vc_separator el_width=\u00bb30&#8243;][\/vc_column][vc_column width=\u00bb1\/2&#8243;][vc_row_inner][vc_column_inner css=\u00bb.vc_custom_1460717207015{padding-right: 20px !important;padding-left: 20px !important;}\u00bb][vc_column_text]<\/p>\n<h5>GRUPOS DE PRESURIZACI\u00d3N<\/h5>\n<p>[\/vc_column_text][vc_column_text]<\/p>\n<p style=\"text-align: justify;\">Unidades de presurizaci\u00f3n fabricadas con 2, 3 o 4 electrobombas multicelulares verticales o centr\u00edfugas, monobloque horizontal, con funcionamiento autom\u00e1tico por medio de un tablero electromec\u00e1nico conectado a presostatos o arrancador con inverter. Est\u00e1n predispuestos para el funcionamiento con autoclave.<\/p>\n<p>[\/vc_column_text][\/vc_column_inner][\/vc_row_inner][vc_row_inner][vc_column_inner][vc_single_image image=\u00bb882&#8243; img_size=\u00bbfull\u00bb alignment=\u00bbcenter\u00bb css_animation=\u00bbappear\u00bb][\/vc_column_inner][\/vc_row_inner][vc_separator el_width=\u00bb30&#8243;][\/vc_column][\/vc_row][vc_row][vc_column][vc_column_text]<\/p>\n<h3 style=\"text-align: center; font-weight: normal;\"><span style=\"color: #00cc99;\">TENEMOS REPUESTOS PARA NUESTRAS MOTOEMBRAGUES Y MOTOBOMBAS<\/span><\/h3>\n<p>[\/vc_column_text][\/vc_column][\/vc_row]<\/p>\n","protected":false},"excerpt":{"rendered":"<p>[vc_row full_width=\u00bbstretch_row\u00bb bg_type=\u00bbgrad\u00bb bg_grad=\u00bbbackground: -webkit-gradient(linear, left top, left bottom, color-stop(0%, #00CC99), color-stop(99%, #EEF2ED));background: -moz-linear-gradient(-45deg,#00CC99 0%,#EEF2ED 99%);background: -webkit-linear-gradient(-45deg,#00CC99 0%,#EEF2ED 99%);background: -o-linear-gradient(-45deg,#00CC99 0%,#EEF2ED 99%);background: -ms-linear-gradient(-45deg,#00CC99 0%,#EEF2ED 99%);background: linear-gradient(-45deg,#00CC99<span class=\"excerpt-hellip\"> [\u2026]<\/span><\/p>\n","protected":false},"author":1,"featured_media":0,"parent":0,"menu_order":0,"comment_status":"closed","ping_status":"closed","template":"","meta":{"footnotes":""},"class_list":["post-1459","page","type-page","status-publish","hentry"],"_links":{"self":[{"href":"https:\/\/www.alcarsrl.it\/es\/wp-json\/wp\/v2\/pages\/1459","targetHints":{"allow":["GET"]}}],"collection":[{"href":"https:\/\/www.alcarsrl.it\/es\/wp-json\/wp\/v2\/pages"}],"about":[{"href":"https:\/\/www.alcarsrl.it\/es\/wp-json\/wp\/v2\/types\/page"}],"author":[{"embeddable":true,"href":"https:\/\/www.alcarsrl.it\/es\/wp-json\/wp\/v2\/users\/1"}],"replies":[{"embeddable":true,"href":"https:\/\/www.alcarsrl.it\/es\/wp-json\/wp\/v2\/comments?post=1459"}],"version-history":[{"count":3,"href":"https:\/\/www.alcarsrl.it\/es\/wp-json\/wp\/v2\/pages\/1459\/revisions"}],"predecessor-version":[{"id":1493,"href":"https:\/\/www.alcarsrl.it\/es\/wp-json\/wp\/v2\/pages\/1459\/revisions\/1493"}],"wp:attachment":[{"href":"https:\/\/www.alcarsrl.it\/es\/wp-json\/wp\/v2\/media?parent=1459"}],"curies":[{"name":"wp","href":"https:\/\/api.w.org\/{rel}","templated":true}]}}