{"id":1305,"date":"2017-10-25T10:13:47","date_gmt":"2017-10-25T08:13:47","guid":{"rendered":"http:\/\/www.alcarsrl.it\/?page_id=1305"},"modified":"2024-03-07T13:57:21","modified_gmt":"2024-03-07T12:57:21","slug":"entreprise","status":"publish","type":"page","link":"https:\/\/www.alcarsrl.it\/fr\/entreprise\/","title":{"rendered":"entreprise"},"content":{"rendered":"<p>[vc_row css=\u00a0\u00bb.vc_custom_1463049540427{margin: 0px !important;border-width: 0px !important;padding: 0px !important;}\u00a0\u00bb][vc_column][rev_slider_vc alias=\u00a0\u00bbazienda-page\u00a0\u00bb][\/vc_column][\/vc_row][vc_row][vc_column width=\u00a0\u00bb1\/3&Prime;][vc_column_text]<\/p>\n<h3 style=\"text-align: center; line-height: 120%;\">HAUTE QUALIT\u00c9<\/h3>\n<p>[\/vc_column_text][vc_column_text css=\u00a0\u00bb.vc_custom_1508919354854{margin-top: -30px !important;}\u00a0\u00bb]<\/p>\n<p style=\"text-align: center;\">des pi\u00e8ces d\u00e9tach\u00e9es<\/p>\n<p>[\/vc_column_text][\/vc_column][vc_column width=\u00a0\u00bb1\/3&Prime;][vc_column_text]<\/p>\n<h3 style=\"text-align: center;\">EXP\u00c9RIENCE<\/h3>\n<p>[\/vc_column_text][vc_column_text css=\u00a0\u00bb.vc_custom_1508919386583{margin-top: -30px !important;}\u00a0\u00bb]<\/p>\n<p style=\"text-align: center;\">du personnel, qualifi\u00e9 et sp\u00e9cialis\u00e9<\/p>\n<p>[\/vc_column_text][\/vc_column][vc_column width=\u00a0\u00bb1\/3&Prime;][vc_column_text]<\/p>\n<h3 style=\"text-align: center;\">CONNAISSANCE DU SECTEUR<\/h3>\n<p>[\/vc_column_text][vc_column_text css=\u00a0\u00bb.vc_custom_1508919458606{margin-top: -30px !important;}\u00a0\u00bb]<\/p>\n<p style=\"text-align: center;\">et grande aptitude au problem-solving<\/p>\n<p>[\/vc_column_text][\/vc_column][\/vc_row][vc_row][vc_column][vc_separator color=\u00a0\u00bbcustom\u00a0\u00bb el_width=\u00a0\u00bb20&Prime; accent_color=\u00a0\u00bb#00cc99&Prime;][\/vc_column][\/vc_row][vc_row][vc_column width=\u00a0\u00bb1\/2&Prime;][vc_column_text css=\u00a0\u00bb.vc_custom_1508919545334{padding-right: 20px !important;padding-left: 20px !important;}\u00a0\u00bb]<strong>Alcar Srl<\/strong> op\u00e8re dans le secteur de l&rsquo;automotive depuis <strong>1981<\/strong>. Ses produits sont vendus aux quatre coins du monde: pi\u00e8ces d\u00e9tach\u00e9es pour v\u00e9hicules industriels, pi\u00e8ces d\u00e9tach\u00e9es pour engins de terrassement, pi\u00e8ces d\u00e9tach\u00e9es pour engins agricoles et tracteurs, pi\u00e8ces d\u00e9tach\u00e9es pour motopompes et groupes \u00e9lectrog\u00e8nes.[\/vc_column_text][\/vc_column][vc_column width=\u00a0\u00bb1\/2&Prime;][vc_column_text css=\u00a0\u00bb.vc_custom_1508919557917{padding-right: 20px !important;padding-left: 20px !important;}\u00a0\u00bb]Alcar propose une vaste gamme de pi\u00e8ces d\u00e9tach\u00e9es des marques les plus prestigieuses telles que:[\/vc_column_text][vc_column_text css=\u00a0\u00bb.vc_custom_1508919571477{margin-top: -20px !important;padding-right: 20px !important;padding-left: 20px !important;}\u00a0\u00bb]<\/p>\n<h5 style=\"font-weight: normal;\">NEW HOLLAND, FIAT, LAVERDA, IVECO, AIFO\/FPT, DEUTZ, LOMBARDINI, ASTRA, PERKINS, VOLVO.<\/h5>\n<p>[\/vc_column_text][\/vc_column][\/vc_row][vc_row][vc_column][vc_separator color=\u00a0\u00bbcustom\u00a0\u00bb el_width=\u00a0\u00bb20&Prime; accent_color=\u00a0\u00bb#00cc99&Prime;][vc_column_text css=\u00a0\u00bb.vc_custom_1508919590405{padding-top: 30px !important;padding-right: 20px !important;padding-bottom: 20px !important;padding-left: 20px !important;}\u00a0\u00bb]<\/p>\n<h5 style=\"font-weight: normal; text-transform: uppercase; text-align: justify;\">CETTE VARI\u00c9T\u00c9 D&rsquo;ARTICLES PERMET \u00c0 ALCAR DE SATISFAIRE LES ATTENTES D&rsquo;UNE CLIENT\u00c8LE DIVERSIFI\u00c9E CONSTITU\u00c9E PRINCIPALEMENT DE DISTRIBUTEURS DE PI\u00c8CES D\u00c9TACH\u00c9ES DE V\u00c9HICULES, DE GRANDES ENTREPRISES DE B\u00c2TIMENT ET DE COMPAGNIES DE TRANSPORT, EN PASSANT PAR D&rsquo;IMPORTANTS OP\u00c9RATEURS DU SECTEUR AGRICOLE ET DE GRANDS ATELIERS DE R\u00c9PARATION DE MOTEURS ET DE NOMBREUX AUTRES DOMAINES D&rsquo;ACTIVIT\u00c9.<\/h5>\n<p>[\/vc_column_text][\/vc_column][\/vc_row][vc_row full_width=\u00a0\u00bbstretch_row_content_no_spaces\u00a0\u00bb bg_type=\u00a0\u00bbgrad\u00a0\u00bb bg_grad=\u00a0\u00bbbackground: url(data:image\/svg+xml;base64,PHN2ZyB4bWxucz0iaHR0cDovL3d3dy53My5vcmcvMjAwMC9zdmciPjxkZWZzPjxsaW5lYXJHcmFkaWVudCBpZD0iZ3JhZGllbnQiIHgxPSIwJSIgeTE9IjAlIiB4Mj0iMCUiIHkyPSIxMDAlIj48c3RvcCBvZmZzZXQ9IjAlIiBzdHlsZT0ic3RvcC1jb2xvcjojOEY4RjhGOyIgLz48c3RvcCBvZmZzZXQ9IjEwMCUiIHN0eWxlPSJzdG9wLWNvbG9yOiMwMENDOTk7IiAvPjwvbGluZWFyR3JhZGllbnQ+PC9kZWZzPjxyZWN0IGZpbGw9InVybCgjZ3JhZGllbnQpIiBoZWlnaHQ9IjEwMCUiIHdpZHRoPSIxMDAlIiAvPjwvc3ZnPg==);background: -webkit-gradient(linear, left top, left bottom, color-stop(0%, #8F8F8F), color-stop(100%, #00CC99));background: -moz-linear-gradient(-45deg,#8F8F8F 0%,#00CC99 100%);background: -webkit-linear-gradient(-45deg,#8F8F8F 0%,#00CC99 100%);background: -o-linear-gradient(-45deg,#8F8F8F 0%,#00CC99 100%);background: -ms-linear-gradient(-45deg,#8F8F8F 0%,#00CC99 100%);background: linear-gradient(-45deg,#8F8F8F 0%,#00CC99 100%);\u00a0\u00bb][vc_column][vc_column_text]<\/p>\n<h3 style=\"text-align: center;\"><span style=\"color: #ffffff;\">HISTOIRE<\/span><\/h3>\n<p>[\/vc_column_text][\/vc_column][\/vc_row][vc_row][vc_column width=\u00a0\u00bb1\/2&Prime;][vc_column_text css=\u00a0\u00bb.vc_custom_1461159371052{padding-right: 20px !important;padding-left: 20px !important;}\u00a0\u00bb]<\/p>\n<h3><span style=\"color: #00cc99;\">1981<\/span><\/h3>\n<p>[\/vc_column_text][vc_column_text css=\u00a0\u00bb.vc_custom_1510915411311{margin-top: -20px !important;padding-right: 20px !important;padding-left: 20px !important;}\u00a0\u00bb]<strong>Le 4 mars<\/strong>, naissance \u00e0 Capodimonte di Castenedolo <strong>d&rsquo;Alcar,<\/strong>\u00a0<strong>\u00ab\u00a0Azienda Lombarda Commercio Auto Ricambi\u00a0\u00bb<\/strong>, soci\u00e9t\u00e9 lombarde de commerce de pi\u00e8ces d\u00e9tach\u00e9es pour l&rsquo;automobile. L&rsquo;entreprise s&rsquo;affirme rapidement comme distributeur de pi\u00e8ces d\u00e9tach\u00e9es et de composants pour le secteur automobile. Son portefeuille de clients ne cesse de grandir, notamment sur le march\u00e9 export, et atteint d\u00e9sormais plus de 30 pays aux quatre coins du monde.[\/vc_column_text][vc_column_text css=\u00a0\u00bb.vc_custom_1461159519013{padding-right: 20px !important;padding-left: 20px !important;}\u00a0\u00bb]<\/p>\n<h3><span style=\"color: #00cc99;\">1989<\/span><\/h3>\n<p>[\/vc_column_text][vc_column_text css=\u00a0\u00bb.vc_custom_1508919781559{margin-top: -20px !important;padding-right: 20px !important;padding-left: 20px !important;}\u00a0\u00bb]L\u2019entreprise se renouvelle et se r\u00e9organise, devient plus jeune et dynamique. Pour se prot\u00e9ger de la contrefa\u00e7on, elle cr\u00e9e la marque <strong>Automotive Products of Italy<\/strong>, qui distingue l&rsquo;excellence des produits Alcar.[\/vc_column_text][vc_column_text css=\u00a0\u00bb.vc_custom_1461159700633{padding-right: 20px !important;padding-left: 20px !important;}\u00a0\u00bb]<\/p>\n<h3><span style=\"color: #00cc99;\">1991<\/span><\/h3>\n<p>[\/vc_column_text][vc_column_text css=\u00a0\u00bb.vc_custom_1508919798668{margin-top: -20px !important;padding-right: 20px !important;padding-left: 20px !important;}\u00a0\u00bb]Alcar commence \u00e0 \u00e9largir son activit\u00e9 au-del\u00e0 des fronti\u00e8res du secteur automobile. Aux c\u00f4t\u00e9s de la vente des pi\u00e8ces d\u00e9tach\u00e9es pour v\u00e9hicules industriels, elle se lance dans la vente de tracteurs, d&rsquo;engins agricoles et d&rsquo;engins de terrassement d&rsquo;occasion ainsi que de groupes \u00e9lectrog\u00e8nes neufs, point de d\u00e9part incontournable pour la vente de pi\u00e8ces d\u00e9tach\u00e9es dans un deuxi\u00e8me temps.[\/vc_column_text][\/vc_column][vc_column width=\u00a0\u00bb1\/2&Prime;][vc_column_text css=\u00a0\u00bb.vc_custom_1461159409214{padding-right: 20px !important;padding-left: 20px !important;}\u00a0\u00bb]<\/p>\n<h3><span style=\"color: #00cc99;\">1994<\/span><\/h3>\n<p>[\/vc_column_text][vc_column_text css=\u00a0\u00bb.vc_custom_1508919823051{margin-top: -20px !important;padding-right: 20px !important;padding-left: 20px !important;}\u00a0\u00bb]Alcar devient partenaire de <strong>Ricarro<\/strong> (pi\u00e8ces d\u00e9tach\u00e9es pour v\u00e9hicules industriels) et <strong>Vanguard<\/strong> (soupapes et composants de moteurs) et s&rsquo;ouvre ainsi \u00e0 tous les march\u00e9s internationaux qui connaissent et appr\u00e9cient ces deux noms.[\/vc_column_text][vc_column_text css=\u00a0\u00bb.vc_custom_1461159620814{padding-right: 20px !important;padding-left: 20px !important;}\u00a0\u00bb]<\/p>\n<h3><span style=\"color: #00cc99;\">1998<\/span><\/h3>\n<p>[\/vc_column_text][vc_column_text css=\u00a0\u00bb.vc_custom_1513338601295{margin-top: -20px !important;padding-right: 20px !important;padding-left: 20px !important;}\u00a0\u00bb]Alcar a obtenu la Certification de Qualit\u00e9 <strong>ISO 9000<\/strong>, mis \u00e0 jour aux normes suivantes.[\/vc_column_text][vc_column_text css=\u00a0\u00bb.vc_custom_1461159984583{padding-right: 20px !important;padding-left: 20px !important;}\u00a0\u00bb]<\/p>\n<h3><span style=\"color: #00cc99;\">2008<\/span><\/h3>\n<p>[\/vc_column_text][vc_column_text css=\u00a0\u00bb.vc_custom_1510668004212{margin-top: -20px !important;padding-right: 20px !important;padding-left: 20px !important;}\u00a0\u00bb]Installation de l&rsquo;entreprise \u00e0 Brescia, <strong>Via Vannucci 30<\/strong>, \u00e0 2 km \u00e0 peine de la station de p\u00e9age autoroutier de Brescia centro, sur un emplacement plus grand et plus rationnel, dans une position privil\u00e9gi\u00e9e par rapport aux grands axes routiers.[\/vc_column_text][vc_column_text css=\u00a0\u00bb.vc_custom_1461235750913{padding-right: 20px !important;padding-left: 20px !important;}\u00a0\u00bb]<\/p>\n<h3><span style=\"color: #00cc99;\">2016<\/span><\/h3>\n<p>[\/vc_column_text][vc_column_text css=\u00a0\u00bb.vc_custom_1508919894483{margin-top: -20px !important;padding-right: 20px !important;padding-left: 20px !important;}\u00a0\u00bb]L&rsquo;entreprise f\u00eate haut la main ses <strong>35 ans d&rsquo;activit\u00e9.<\/strong><br \/>\nQuelle meilleure occasion pour renouveler son site internet en introduisant la technologie adaptative et en r\u00e9alisant une application sp\u00e9cifique pour dispositifs mobiles\u00a0![\/vc_column_text][\/vc_column][\/vc_row][vc_row][vc_column][vc_separator color=\u00a0\u00bbcustom\u00a0\u00bb el_width=\u00a0\u00bb20&Prime; accent_color=\u00a0\u00bb#00cc99&Prime;][vc_column_text]<\/p>\n<h3 style=\"text-align: center;\"><span style=\"color: #00cc99;\">CERTIFICATIONS<\/span><\/h3>\n<p>[\/vc_column_text][vc_row_inner full_width=\u00a0\u00bbstretch_row\u00a0\u00bb full_height=\u00a0\u00bb\u00a0\u00bb columns_placement=\u00a0\u00bbmiddle\u00a0\u00bb video_bg=\u00a0\u00bb\u00a0\u00bb video_bg_url=\u00a0\u00bbhttps:\/\/www.youtube.com\/watch?v=lMJXxhRFO1k\u00a0\u00bb video_bg_parallax=\u00a0\u00bb\u00a0\u00bb parallax_speed_video=\u00a0\u00bb1.5&Prime; parallax_speed_bg=\u00a0\u00bb1.5&Prime; bg_type=\u00a0\u00bb\u00a0\u00bb bg_image_new=\u00a0\u00bb\u00a0\u00bb layer_image=\u00a0\u00bb\u00a0\u00bb bg_image_repeat=\u00a0\u00bb\u00a0\u00bb bg_image_size=\u00a0\u00bb\u00a0\u00bb bg_cstm_size=\u00a0\u00bb\u00a0\u00bb bg_img_attach=\u00a0\u00bb\u00a0\u00bb parallax_sense=\u00a0\u00bb\u00a0\u00bb bg_image_posiiton=\u00a0\u00bb\u00a0\u00bb animation_direction=\u00a0\u00bb\u00a0\u00bb animation_repeat=\u00a0\u00bb\u00a0\u00bb video_url=\u00a0\u00bb\u00a0\u00bb video_url_2=\u00a0\u00bb\u00a0\u00bb u_video_url=\u00a0\u00bb\u00a0\u00bb video_opts=\u00a0\u00bb\u00a0\u00bb video_poster=\u00a0\u00bb\u00a0\u00bb u_start_time=\u00a0\u00bb\u00a0\u00bb u_stop_time=\u00a0\u00bb\u00a0\u00bb viewport_vdo=\u00a0\u00bb\u00a0\u00bb enable_controls=\u00a0\u00bb\u00a0\u00bb bg_override=\u00a0\u00bb\u00a0\u00bb disable_on_mobile_img_parallax=\u00a0\u00bb\u00a0\u00bb parallax_content=\u00a0\u00bb\u00a0\u00bb parallax_content_sense=\u00a0\u00bb\u00a0\u00bb fadeout_row=\u00a0\u00bb\u00a0\u00bb fadeout_start_effect=\u00a0\u00bb\u00a0\u00bb enable_overlay=\u00a0\u00bb\u00a0\u00bb overlay_color=\u00a0\u00bb\u00a0\u00bb overlay_pattern=\u00a0\u00bb\u00a0\u00bb overlay_pattern_opacity=\u00a0\u00bb\u00a0\u00bb overlay_pattern_size=\u00a0\u00bb\u00a0\u00bb overlay_pattern_attachment=\u00a0\u00bb\u00a0\u00bb multi_color_overlay=\u00a0\u00bb\u00a0\u00bb multi_color_overlay_opacity=\u00a0\u00bb\u00a0\u00bb seperator_enable=\u00a0\u00bb\u00a0\u00bb seperator_type=\u00a0\u00bb\u00a0\u00bb seperator_position=\u00a0\u00bb\u00a0\u00bb seperator_shape_size=\u00a0\u00bb\u00a0\u00bb seperator_svg_height=\u00a0\u00bb\u00a0\u00bb seperator_shape_background=\u00a0\u00bb\u00a0\u00bb seperator_shape_border=\u00a0\u00bb\u00a0\u00bb seperator_shape_border_color=\u00a0\u00bb\u00a0\u00bb seperator_shape_border_width=\u00a0\u00bb\u00a0\u00bb icon_type=\u00a0\u00bb\u00a0\u00bb icon=\u00a0\u00bb\u00a0\u00bb icon_size=\u00a0\u00bb\u00a0\u00bb icon_color=\u00a0\u00bb\u00a0\u00bb icon_style=\u00a0\u00bb\u00a0\u00bb icon_color_bg=\u00a0\u00bb\u00a0\u00bb icon_border_style=\u00a0\u00bb\u00a0\u00bb icon_color_border=\u00a0\u00bb\u00a0\u00bb icon_border_size=\u00a0\u00bb\u00a0\u00bb icon_border_radius=\u00a0\u00bb\u00a0\u00bb icon_border_spacing=\u00a0\u00bb\u00a0\u00bb icon_img=\u00a0\u00bb\u00a0\u00bb img_width=\u00a0\u00bb\u00a0\u00bb ult_hide_row=\u00a0\u00bb\u00a0\u00bb ult_hide_row_large_screen=\u00a0\u00bb\u00a0\u00bb ult_hide_row_desktop=\u00a0\u00bb\u00a0\u00bb ult_hide_row_tablet=\u00a0\u00bb\u00a0\u00bb ult_hide_row_tablet_small=\u00a0\u00bb\u00a0\u00bb ult_hide_row_mobile=\u00a0\u00bb\u00a0\u00bb ult_hide_row_mobile_large=\u00a0\u00bb\u00a0\u00bb][vc_column_inner width=\u00a0\u00bb1\/12&Prime; offset=\u00a0\u00bbvc_hidden-xs\u00a0\u00bb][\/vc_column_inner][vc_column_inner width=\u00a0\u00bb1\/6&Prime; offset=\u00a0\u00bbvc_col-xs-6&Prime;][vc_single_image image=\u00a0\u00bb576&Prime; img_size=\u00a0\u00bb100&#215;100&Prime; alignment=\u00a0\u00bbcenter\u00a0\u00bb onclick=\u00a0\u00bbcustom_link\u00a0\u00bb img_link_target=\u00a0\u00bb_blank\u00a0\u00bb css_animation=\u00a0\u00bbappear\u00a0\u00bb link=\u00a0\u00bbhttps:\/\/www.alcarsrl.it\/wp-content\/uploads\/2024\/03\/115854_iq_15614.pdf\u00a0\u00bb][vc_column_text css=\u00a0\u00bb.vc_custom_1709815933947{margin-top: -10px !important;}\u00a0\u00bb]<\/p>\n<h5 style=\"text-align: center; font-weight: normal;\">ISO 9001:2015 IQ<\/h5>\n<p>[\/vc_column_text][\/vc_column_inner][vc_column_inner width=\u00a0\u00bb1\/6&Prime; offset=\u00a0\u00bbvc_col-xs-6&Prime;][vc_single_image image=\u00a0\u00bb576&Prime; img_size=\u00a0\u00bb100&#215;100&Prime; alignment=\u00a0\u00bbcenter\u00a0\u00bb onclick=\u00a0\u00bbcustom_link\u00a0\u00bb img_link_target=\u00a0\u00bb_blank\u00a0\u00bb css_animation=\u00a0\u00bbappear\u00a0\u00bb link=\u00a0\u00bbhttps:\/\/www.alcarsrl.it\/wp-content\/uploads\/2024\/03\/115854_fr_15614.pdf\u00a0\u00bb][vc_column_text css=\u00a0\u00bb.vc_custom_1709815981986{margin-top: -10px !important;}\u00a0\u00bb]<\/p>\n<h5 style=\"text-align: center; font-weight: normal;\">ISO 9001:2015 FR<\/h5>\n<p>[\/vc_column_text][\/vc_column_inner][vc_column_inner width=\u00a0\u00bb1\/6&Prime; offset=\u00a0\u00bbvc_col-xs-6&Prime;][vc_single_image image=\u00a0\u00bb576&Prime; img_size=\u00a0\u00bb100&#215;100&Prime; alignment=\u00a0\u00bbcenter\u00a0\u00bb onclick=\u00a0\u00bbcustom_link\u00a0\u00bb img_link_target=\u00a0\u00bb_blank\u00a0\u00bb css_animation=\u00a0\u00bbappear\u00a0\u00bb link=\u00a0\u00bbhttps:\/\/www.alcarsrl.it\/wp-content\/uploads\/2024\/03\/115854_en_15614.pdf\u00a0\u00bb][vc_column_text css=\u00a0\u00bb.vc_custom_1709816014458{margin-top: -10px !important;}\u00a0\u00bb]<\/p>\n<h5 style=\"text-align: center; font-weight: normal;\">ISO 9001:2015 EN<\/h5>\n<p>[\/vc_column_text][\/vc_column_inner][vc_column_inner width=\u00a0\u00bb1\/6&Prime; offset=\u00a0\u00bbvc_col-xs-6&Prime;][vc_single_image image=\u00a0\u00bb576&Prime; img_size=\u00a0\u00bb100&#215;100&Prime; alignment=\u00a0\u00bbcenter\u00a0\u00bb onclick=\u00a0\u00bbcustom_link\u00a0\u00bb img_link_target=\u00a0\u00bb_blank\u00a0\u00bb css_animation=\u00a0\u00bbappear\u00a0\u00bb link=\u00a0\u00bbhttps:\/\/www.alcarsrl.it\/wp-content\/uploads\/2024\/03\/115854_es_15614.pdf\u00a0\u00bb][vc_column_text css=\u00a0\u00bb.vc_custom_1619684041586{margin-top: -10px !important;}\u00a0\u00bb]<\/p>\n<h5 style=\"text-align: center; font-weight: normal;\">ISO 9001:2015 ES<\/h5>\n<p>[\/vc_column_text][\/vc_column_inner][vc_column_inner width=\u00a0\u00bb1\/6&Prime;][vc_single_image image=\u00a0\u00bb576&Prime; img_size=\u00a0\u00bb100&#215;100&Prime; alignment=\u00a0\u00bbcenter\u00a0\u00bb onclick=\u00a0\u00bbcustom_link\u00a0\u00bb img_link_target=\u00a0\u00bb_blank\u00a0\u00bb css_animation=\u00a0\u00bbappear\u00a0\u00bb link=\u00a0\u00bbhttps:\/\/www.alcarsrl.it\/wp-content\/uploads\/2024\/03\/115854_it_15614.pdf\u00a0\u00bb][vc_column_text css=\u00a0\u00bb.vc_custom_1709816217569{margin-top: -10px !important;}\u00a0\u00bb]<\/p>\n<h5 style=\"text-align: center; font-weight: normal;\">ISO 9001:2015 IT<\/h5>\n<p>[\/vc_column_text][\/vc_column_inner][vc_column_inner width=\u00a0\u00bb1\/12&Prime;][\/vc_column_inner][\/vc_row_inner][\/vc_column][\/vc_row][vc_row][vc_column][vc_separator color=\u00a0\u00bbcustom\u00a0\u00bb el_width=\u00a0\u00bb20&Prime; accent_color=\u00a0\u00bb#00cc99&Prime;][vc_column_text]<\/p>\n<h4 style=\"text-align: center; text-transform: uppercase;\">ALCAR SRL EST UNE ENTREPRISE CERTIFI\u00c9E ISO 9001:2015<\/h4>\n<p>[\/vc_column_text][vc_single_image image=\u00a0\u00bb1693&Prime; img_size=\u00a0\u00bb152&#215;88&Prime; alignment=\u00a0\u00bbcenter\u00a0\u00bb css_animation=\u00a0\u00bbappear\u00a0\u00bb][\/vc_column][\/vc_row]<\/p>\n","protected":false},"excerpt":{"rendered":"<p>[vc_row css=\u00a0\u00bb.vc_custom_1463049540427{margin: 0px !important;border-width: 0px !important;padding: 0px !important;}\u00a0\u00bb][vc_column][rev_slider_vc alias=\u00a0\u00bbazienda-page\u00a0\u00bb][\/vc_column][\/vc_row][vc_row][vc_column width=\u00a0\u00bb1\/3&Prime;][vc_column_text] HAUTE QUALIT\u00c9 [\/vc_column_text][vc_column_text css=\u00a0\u00bb.vc_custom_1508919354854{margin-top: -30px !important;}\u00a0\u00bb] des pi\u00e8ces d\u00e9tach\u00e9es [\/vc_column_text][\/vc_column][vc_column width=\u00a0\u00bb1\/3&Prime;][vc_column_text] EXP\u00c9RIENCE [\/vc_column_text][vc_column_text css=\u00a0\u00bb.vc_custom_1508919386583{margin-top: -30px !important;}\u00a0\u00bb]<span class=\"excerpt-hellip\"> [\u2026]<\/span><\/p>\n","protected":false},"author":1,"featured_media":0,"parent":0,"menu_order":0,"comment_status":"closed","ping_status":"closed","template":"","meta":{"footnotes":""},"class_list":["post-1305","page","type-page","status-publish","hentry"],"_links":{"self":[{"href":"https:\/\/www.alcarsrl.it\/fr\/wp-json\/wp\/v2\/pages\/1305","targetHints":{"allow":["GET"]}}],"collection":[{"href":"https:\/\/www.alcarsrl.it\/fr\/wp-json\/wp\/v2\/pages"}],"about":[{"href":"https:\/\/www.alcarsrl.it\/fr\/wp-json\/wp\/v2\/types\/page"}],"author":[{"embeddable":true,"href":"https:\/\/www.alcarsrl.it\/fr\/wp-json\/wp\/v2\/users\/1"}],"replies":[{"embeddable":true,"href":"https:\/\/www.alcarsrl.it\/fr\/wp-json\/wp\/v2\/comments?post=1305"}],"version-history":[{"count":28,"href":"https:\/\/www.alcarsrl.it\/fr\/wp-json\/wp\/v2\/pages\/1305\/revisions"}],"predecessor-version":[{"id":2249,"href":"https:\/\/www.alcarsrl.it\/fr\/wp-json\/wp\/v2\/pages\/1305\/revisions\/2249"}],"wp:attachment":[{"href":"https:\/\/www.alcarsrl.it\/fr\/wp-json\/wp\/v2\/media?parent=1305"}],"curies":[{"name":"wp","href":"https:\/\/api.w.org\/{rel}","templated":true}]}}