{"id":1312,"date":"2017-10-25T10:28:16","date_gmt":"2017-10-25T08:28:16","guid":{"rendered":"http:\/\/www.alcarsrl.it\/?page_id=1312"},"modified":"2017-10-27T09:17:42","modified_gmt":"2017-10-27T07:17:42","slug":"pieces-detachees-pour-engins-agricoles","status":"publish","type":"page","link":"https:\/\/www.alcarsrl.it\/fr\/pieces-detachees-pour-engins-agricoles\/","title":{"rendered":"pi\u00e8ces d\u00e9tach\u00e9es pour engins agricoles"},"content":{"rendered":"<p>[vc_row full_width=\u00a0\u00bbstretch_row\u00a0\u00bb equal_height=\u00a0\u00bbyes\u00a0\u00bb content_placement=\u00a0\u00bbmiddle\u00a0\u00bb bg_type=\u00a0\u00bbbg_color\u00a0\u00bb css=\u00a0\u00bb.vc_custom_1463393612041{margin-top: 0px !important;background-color: #e7ebea !important;}\u00a0\u00bb][vc_column width=\u00a0\u00bb1\/4&Prime;][vc_single_image image=\u00a0\u00bb33&Prime; img_size=\u00a0\u00bb122&#215;88&Prime; alignment=\u00a0\u00bbcenter\u00a0\u00bb css=\u00a0\u00bb.vc_custom_1461679991391{padding-top: 10px !important;}\u00a0\u00bb][\/vc_column][vc_column width=\u00a0\u00bb3\/4&Prime;][vc_column_text css=\u00a0\u00bb.vc_custom_1508920265376{padding-right: 20px !important;padding-left: 20px !important;}\u00a0\u00bb]<\/p>\n<h4 style=\"text-align: justify; line-height: 120%;\">Nous livrons des pi\u00e8ces d\u00e9tach\u00e9es et composants d&rsquo;origine et g\u00e9n\u00e9riques de haute qualit\u00e9 pour engins agricoles et tracteurs de derni\u00e8re g\u00e9n\u00e9ration et plus anciens, de marques telles que CNH, NEW HOLLAND, FIAT, LAVERDA, SAME, DEUTZ et d&rsquo;autres.<br \/>\nUne ligne de pi\u00e8ces d\u00e9tach\u00e9es et d&rsquo;accessoires de haute qualit\u00e9 pour l&rsquo;agriculture.<\/h4>\n<p>[\/vc_column_text][\/vc_column][\/vc_row][vc_row][vc_column][\/vc_column][\/vc_row][vc_row][vc_column width=\u00a0\u00bb1\/3&Prime;][vc_single_image image=\u00a0\u00bb822&Prime; img_size=\u00a0\u00bbmedium\u00a0\u00bb alignment=\u00a0\u00bbcenter\u00a0\u00bb css_animation=\u00a0\u00bbappear\u00a0\u00bb][vc_column_text]<\/p>\n<h3 style=\"text-align: center;\">PI\u00c8CES D\u00c9TACH\u00c9ES MOTEUR<br \/>\nET INJECTION<\/h3>\n<p>[\/vc_column_text][vc_column_text css=\u00a0\u00bb.vc_custom_1508920295824{padding-right: 20px !important;padding-left: 20px !important;}\u00a0\u00bb]T\u00eates de moteurs, pistons complets, enveloppes, s\u00e9ries d&rsquo;anneaux, fourreaux, arbres moteurs, arbres \u00e0 cames, bo\u00eetes de vitesses, pompes \u00e0 huile et \u00e0 eau, s\u00e9ries de joints, injecteurs, buses d&rsquo;injections, pompes d&rsquo;injection et d&rsquo;alimentation, embrayages, d\u00e9marreurs et alternateurs, compresseurs, turbocompresseurs et filtres.[\/vc_column_text][vc_row_inner][vc_column_inner][vc_separator el_width=\u00a0\u00bb30&Prime;][\/vc_column_inner][\/vc_row_inner][\/vc_column][vc_column width=\u00a0\u00bb1\/3&Prime;][vc_single_image image=\u00a0\u00bb816&Prime; img_size=\u00a0\u00bbmedium\u00a0\u00bb alignment=\u00a0\u00bbcenter\u00a0\u00bb css_animation=\u00a0\u00bbappear\u00a0\u00bb][vc_column_text]<\/p>\n<h3 style=\"text-align: center;\">PI\u00c8CES D\u00c9TACH\u00c9ES TRANSMISSION,<br \/>\nESSIEU, DIRECTION, FREINS ET SUSPENSIONS<\/h3>\n<p>[\/vc_column_text][vc_column_text css=\u00a0\u00bb.vc_custom_1508920306440{padding-right: 20px !important;padding-left: 20px !important;}\u00a0\u00bb]Timonerie, moyeux, paliers, pivots, arbres de direction, joints, tambours, disques et sabots de frein, barres stabilisatrices, bras oscillants, amortisseurs.[\/vc_column_text][vc_row_inner][vc_column_inner][vc_separator el_width=\u00a0\u00bb30&Prime;][\/vc_column_inner][\/vc_row_inner][\/vc_column][vc_column width=\u00a0\u00bb1\/3&Prime;][vc_single_image image=\u00a0\u00bb815&Prime; img_size=\u00a0\u00bbmedium\u00a0\u00bb alignment=\u00a0\u00bbcenter\u00a0\u00bb css_animation=\u00a0\u00bbappear\u00a0\u00bb][vc_column_text]<\/p>\n<h3 style=\"text-align: center;\">PI\u00c8CES D\u00c9TACH\u00c9ES ET COMPOSANTS<br \/>\nHYDRAULIQUES ET PNEUMATIQUES<\/h3>\n<p>[\/vc_column_text][vc_column_text css=\u00a0\u00bb.vc_custom_1508920339714{padding-right: 20px !important;padding-left: 20px !important;}\u00a0\u00bb]Pompes et moteurs ol\u00e9odynamiques, v\u00e9rins hydrauliques et pneumatiques, distributeurs et soupapes ol\u00e9odynamiques, tubes hydrauliques.[\/vc_column_text][vc_row_inner][vc_column_inner][vc_separator el_width=\u00a0\u00bb30&Prime;][\/vc_column_inner][\/vc_row_inner][\/vc_column][\/vc_row][vc_row][vc_column width=\u00a0\u00bb1\/3&Prime;][vc_single_image image=\u00a0\u00bb1165&Prime; img_size=\u00a0\u00bbmedium\u00a0\u00bb alignment=\u00a0\u00bbcenter\u00a0\u00bb css_animation=\u00a0\u00bbappear\u00a0\u00bb][vc_column_text]<\/p>\n<h3 style=\"text-align: center;\">PI\u00c8CES D\u00c9TACH\u00c9ES TRAINS DE ROULEMENT<\/h3>\n<p>[\/vc_column_text][vc_column_text css=\u00a0\u00bb.vc_custom_1508920409207{padding-right: 20px !important;padding-left: 20px !important;}\u00a0\u00bb]Cat\u00e9naire \u00e0 galets, chenilles, patins, galets, couronnes dent\u00e9es et \u00e9l\u00e9ments anti-usure.[\/vc_column_text][vc_separator el_width=\u00a0\u00bb30&Prime;][\/vc_column][vc_column width=\u00a0\u00bb1\/3&Prime;][vc_single_image image=\u00a0\u00bb1186&Prime; img_size=\u00a0\u00bbmedium\u00a0\u00bb alignment=\u00a0\u00bbcenter\u00a0\u00bb css_animation=\u00a0\u00bbappear\u00a0\u00bb][vc_column_text]<\/p>\n<h3 style=\"text-align: center;\">MOTEURS DE RECHANGE<\/h3>\n<p>[\/vc_column_text][vc_column_text css=\u00a0\u00bb.vc_custom_1508920428768{padding-right: 20px !important;padding-left: 20px !important;}\u00a0\u00bb]Moteurs complets, semi-complets ou all\u00e9g\u00e9s.[\/vc_column_text][vc_separator el_width=\u00a0\u00bb30&Prime;][\/vc_column][vc_column width=\u00a0\u00bb1\/3&Prime;][\/vc_column][\/vc_row][vc_row full_width=\u00a0\u00bbstretch_row\u00a0\u00bb css=\u00a0\u00bb.vc_custom_1463471338548{border-top-width: 1px !important;background-image: url(https:\/\/www.alcarsrl.it\/wp-content\/uploads\/2016\/04\/alcar_a_texture.png?id=936) !important;border-top-color: #e0e0e0 !important;border-top-style: solid !important;}\u00a0\u00bb][vc_column][vc_single_image image=\u00a0\u00bb246&Prime; img_size=\u00a0\u00bb768&#215;480&Prime; alignment=\u00a0\u00bbcenter\u00a0\u00bb][\/vc_column][\/vc_row]<\/p>\n","protected":false},"excerpt":{"rendered":"<p>[vc_row full_width=\u00a0\u00bbstretch_row\u00a0\u00bb equal_height=\u00a0\u00bbyes\u00a0\u00bb content_placement=\u00a0\u00bbmiddle\u00a0\u00bb bg_type=\u00a0\u00bbbg_color\u00a0\u00bb css=\u00a0\u00bb.vc_custom_1463393612041{margin-top: 0px !important;background-color: #e7ebea !important;}\u00a0\u00bb][vc_column width=\u00a0\u00bb1\/4&Prime;][vc_single_image image=\u00a0\u00bb33&Prime; img_size=\u00a0\u00bb122&#215;88&Prime; alignment=\u00a0\u00bbcenter\u00a0\u00bb css=\u00a0\u00bb.vc_custom_1461679991391{padding-top: 10px !important;}\u00a0\u00bb][\/vc_column][vc_column width=\u00a0\u00bb3\/4&Prime;][vc_column_text css=\u00a0\u00bb.vc_custom_1508920265376{padding-right: 20px !important;padding-left: 20px !important;}\u00a0\u00bb] Nous livrons des<span class=\"excerpt-hellip\"> [\u2026]<\/span><\/p>\n","protected":false},"author":1,"featured_media":0,"parent":0,"menu_order":0,"comment_status":"closed","ping_status":"closed","template":"","meta":{"footnotes":""},"class_list":["post-1312","page","type-page","status-publish","hentry"],"_links":{"self":[{"href":"https:\/\/www.alcarsrl.it\/fr\/wp-json\/wp\/v2\/pages\/1312","targetHints":{"allow":["GET"]}}],"collection":[{"href":"https:\/\/www.alcarsrl.it\/fr\/wp-json\/wp\/v2\/pages"}],"about":[{"href":"https:\/\/www.alcarsrl.it\/fr\/wp-json\/wp\/v2\/types\/page"}],"author":[{"embeddable":true,"href":"https:\/\/www.alcarsrl.it\/fr\/wp-json\/wp\/v2\/users\/1"}],"replies":[{"embeddable":true,"href":"https:\/\/www.alcarsrl.it\/fr\/wp-json\/wp\/v2\/comments?post=1312"}],"version-history":[{"count":4,"href":"https:\/\/www.alcarsrl.it\/fr\/wp-json\/wp\/v2\/pages\/1312\/revisions"}],"predecessor-version":[{"id":1316,"href":"https:\/\/www.alcarsrl.it\/fr\/wp-json\/wp\/v2\/pages\/1312\/revisions\/1316"}],"wp:attachment":[{"href":"https:\/\/www.alcarsrl.it\/fr\/wp-json\/wp\/v2\/media?parent=1312"}],"curies":[{"name":"wp","href":"https:\/\/api.w.org\/{rel}","templated":true}]}}