{"id":1317,"date":"2017-10-25T10:35:54","date_gmt":"2017-10-25T08:35:54","guid":{"rendered":"http:\/\/www.alcarsrl.it\/?page_id=1317"},"modified":"2017-10-28T09:50:19","modified_gmt":"2017-10-28T07:50:19","slug":"vehicules-industriels-et-commerciaux","status":"publish","type":"page","link":"https:\/\/www.alcarsrl.it\/fr\/vehicules-industriels-et-commerciaux\/","title":{"rendered":"v\u00e9hicules industriels et commerciaux"},"content":{"rendered":"<p>[vc_row full_width=\u00a0\u00bbstretch_row\u00a0\u00bb equal_height=\u00a0\u00bbyes\u00a0\u00bb content_placement=\u00a0\u00bbmiddle\u00a0\u00bb bg_type=\u00a0\u00bbbg_color\u00a0\u00bb css=\u00a0\u00bb.vc_custom_1463401176982{margin-top: 0px !important;background-color: #e7ebea !important;}\u00a0\u00bb][vc_column width=\u00a0\u00bb1\/4&Prime;][vc_single_image image=\u00a0\u00bb48&Prime; img_size=\u00a0\u00bb128&#215;85&Prime; alignment=\u00a0\u00bbcenter\u00a0\u00bb css=\u00a0\u00bb.vc_custom_1461680707499{padding-top: 10px !important;}\u00a0\u00bb][\/vc_column][vc_column width=\u00a0\u00bb3\/4&Prime;][vc_column_text css=\u00a0\u00bb.vc_custom_1509176829524{padding-right: 20px !important;padding-left: 20px !important;}\u00a0\u00bb]<\/p>\n<h4 style=\"text-align: justify; line-height: 120%;\">Notre offre comprend une gamme compl\u00e8te de pi\u00e8ces d\u00e9tach\u00e9es d&rsquo;origine et g\u00e9n\u00e9riques de haute qualit\u00e9, des moteurs et des groupes pour v\u00e9hicules commerciaux et lourds FIAT, IVECO, ASTRA. Moteurs industriels et stationnaires pour applications diverses AIFO\/FPT, DEUTZ, LOMBARDINI, PERKINS, VOLVO.<\/h4>\n<p>[\/vc_column_text][\/vc_column][\/vc_row][vc_row][vc_column][\/vc_column][\/vc_row][vc_row equal_height=\u00a0\u00bbyes\u00a0\u00bb][vc_column width=\u00a0\u00bb1\/2&Prime;][vc_single_image image=\u00a0\u00bb843&Prime; img_size=\u00a0\u00bbmedium\u00a0\u00bb alignment=\u00a0\u00bbcenter\u00a0\u00bb css_animation=\u00a0\u00bbappear\u00a0\u00bb][vc_column_text]<\/p>\n<h3 style=\"text-align: center;\">PI\u00c8CES D\u00c9TACH\u00c9ES MOTEUR<br \/>\nET INJECTION<\/h3>\n<p>[\/vc_column_text][vc_column_text css=\u00a0\u00bb.vc_custom_1509176914651{padding-right: 20px !important;padding-left: 20px !important;}\u00a0\u00bb]<\/p>\n<p style=\"text-align: center;\">T\u00eates de moteurs, pistons complets, enveloppes, s\u00e9ries d&rsquo;anneaux, fourreaux, arbres moteurs, arbres \u00e0 cames, bo\u00eetes de vitesses, pompes \u00e0 huile et \u00e0 eau, s\u00e9ries de joints, injecteurs, buses d&rsquo;injections, pompes d&rsquo;injection et d&rsquo;alimentation, embrayages, d\u00e9marreurs et alternateurs, compresseurs, turbocompresseurs et filtres.<\/p>\n<p>[\/vc_column_text][vc_separator el_width=\u00a0\u00bb30&Prime;][\/vc_column][vc_column width=\u00a0\u00bb1\/2&Prime;][vc_single_image image=\u00a0\u00bb1175&Prime; img_size=\u00a0\u00bbmedium\u00a0\u00bb alignment=\u00a0\u00bbcenter\u00a0\u00bb css_animation=\u00a0\u00bbappear\u00a0\u00bb][vc_column_text]<\/p>\n<h3 style=\"text-align: center;\">PI\u00c8CES D\u00c9TACH\u00c9ES TRANSMISSION,<br \/>\nESSIEU, DIRECTION, FREINS ET SUSPENSIONS<\/h3>\n<p>[\/vc_column_text][vc_column_text css=\u00a0\u00bb.vc_custom_1509176944268{padding-right: 20px !important;padding-left: 20px !important;}\u00a0\u00bb]<\/p>\n<p style=\"text-align: center;\">Timonerie, moyeux, paliers, pivots, arbres de direction, joints, tambours, disques et sabots de frein, barres stabilisatrices, bras oscillants, amortisseurs.<\/p>\n<p>[\/vc_column_text][vc_separator el_width=\u00a0\u00bb30&Prime;][\/vc_column][\/vc_row][vc_row][vc_column width=\u00a0\u00bb1\/2&Prime;][vc_single_image image=\u00a0\u00bb1177&Prime; img_size=\u00a0\u00bbmedium\u00a0\u00bb alignment=\u00a0\u00bbcenter\u00a0\u00bb css_animation=\u00a0\u00bbappear\u00a0\u00bb][vc_column_text]<\/p>\n<h3 style=\"text-align: center;\">PI\u00c8CES D\u00c9TACH\u00c9ES ET COMPOSANTS<br \/>\nHYDRAULIQUES ET PNEUMATIQUES<\/h3>\n<p>[\/vc_column_text][vc_column_text css=\u00a0\u00bb.vc_custom_1509176970371{padding-right: 20px !important;padding-left: 20px !important;}\u00a0\u00bb]<\/p>\n<p style=\"text-align: center;\">Pompes et moteurs ol\u00e9odynamiques, v\u00e9rins hydrauliques et pneumatiques, distributeurs et soupapes ol\u00e9odynamiques, tubes hydrauliques.<\/p>\n<p>[\/vc_column_text][vc_separator el_width=\u00a0\u00bb30&Prime;][\/vc_column][vc_column width=\u00a0\u00bb1\/2&Prime;][vc_single_image image=\u00a0\u00bb837&Prime; img_size=\u00a0\u00bbmedium\u00a0\u00bb alignment=\u00a0\u00bbcenter\u00a0\u00bb css_animation=\u00a0\u00bbappear\u00a0\u00bb][vc_column_text]<\/p>\n<h3 style=\"text-align: center;\">MOTEURS DE RECHANGE<\/h3>\n<p>[\/vc_column_text][vc_column_text css=\u00a0\u00bb.vc_custom_1509177008652{padding-right: 20px !important;padding-left: 20px !important;}\u00a0\u00bb]<\/p>\n<p style=\"text-align: center;\">Moteurs complets, semi-complets ou all\u00e9g\u00e9s.<\/p>\n<p>[\/vc_column_text][vc_separator el_width=\u00a0\u00bb30&Prime;][\/vc_column][\/vc_row][vc_row full_width=\u00a0\u00bbstretch_row\u00a0\u00bb css=\u00a0\u00bb.vc_custom_1463471553548{border-top-width: 1px !important;background-image: url(https:\/\/www.alcarsrl.it\/wp-content\/uploads\/2016\/04\/alcar_a_texture.png?id=936) !important;border-top-color: #f2f2f2 !important;border-top-style: solid !important;}\u00a0\u00bb][vc_column][vc_single_image image=\u00a0\u00bb260&Prime; img_size=\u00a0\u00bb652&#215;480&Prime; alignment=\u00a0\u00bbcenter\u00a0\u00bb][\/vc_column][\/vc_row]<\/p>\n","protected":false},"excerpt":{"rendered":"<p>[vc_row full_width=\u00a0\u00bbstretch_row\u00a0\u00bb equal_height=\u00a0\u00bbyes\u00a0\u00bb content_placement=\u00a0\u00bbmiddle\u00a0\u00bb bg_type=\u00a0\u00bbbg_color\u00a0\u00bb css=\u00a0\u00bb.vc_custom_1463401176982{margin-top: 0px !important;background-color: #e7ebea !important;}\u00a0\u00bb][vc_column width=\u00a0\u00bb1\/4&Prime;][vc_single_image image=\u00a0\u00bb48&Prime; img_size=\u00a0\u00bb128&#215;85&Prime; alignment=\u00a0\u00bbcenter\u00a0\u00bb css=\u00a0\u00bb.vc_custom_1461680707499{padding-top: 10px !important;}\u00a0\u00bb][\/vc_column][vc_column width=\u00a0\u00bb3\/4&Prime;][vc_column_text css=\u00a0\u00bb.vc_custom_1509176829524{padding-right: 20px !important;padding-left: 20px !important;}\u00a0\u00bb] Notre offre comprend<span class=\"excerpt-hellip\"> [\u2026]<\/span><\/p>\n","protected":false},"author":1,"featured_media":0,"parent":0,"menu_order":0,"comment_status":"closed","ping_status":"closed","template":"","meta":{"footnotes":""},"class_list":["post-1317","page","type-page","status-publish","hentry"],"_links":{"self":[{"href":"https:\/\/www.alcarsrl.it\/fr\/wp-json\/wp\/v2\/pages\/1317","targetHints":{"allow":["GET"]}}],"collection":[{"href":"https:\/\/www.alcarsrl.it\/fr\/wp-json\/wp\/v2\/pages"}],"about":[{"href":"https:\/\/www.alcarsrl.it\/fr\/wp-json\/wp\/v2\/types\/page"}],"author":[{"embeddable":true,"href":"https:\/\/www.alcarsrl.it\/fr\/wp-json\/wp\/v2\/users\/1"}],"replies":[{"embeddable":true,"href":"https:\/\/www.alcarsrl.it\/fr\/wp-json\/wp\/v2\/comments?post=1317"}],"version-history":[{"count":8,"href":"https:\/\/www.alcarsrl.it\/fr\/wp-json\/wp\/v2\/pages\/1317\/revisions"}],"predecessor-version":[{"id":1498,"href":"https:\/\/www.alcarsrl.it\/fr\/wp-json\/wp\/v2\/pages\/1317\/revisions\/1498"}],"wp:attachment":[{"href":"https:\/\/www.alcarsrl.it\/fr\/wp-json\/wp\/v2\/media?parent=1317"}],"curies":[{"name":"wp","href":"https:\/\/api.w.org\/{rel}","templated":true}]}}