{"id":1321,"date":"2017-10-25T10:46:35","date_gmt":"2017-10-25T08:46:35","guid":{"rendered":"http:\/\/www.alcarsrl.it\/?page_id=1321"},"modified":"2017-10-25T10:53:47","modified_gmt":"2017-10-25T08:53:47","slug":"groupes-electrogenes","status":"publish","type":"page","link":"https:\/\/www.alcarsrl.it\/fr\/groupes-electrogenes\/","title":{"rendered":"groupes \u00e9lectrog\u00e8nes"},"content":{"rendered":"<p>[vc_row full_width=\u00a0\u00bbstretch_row\u00a0\u00bb bg_type=\u00a0\u00bbgrad\u00a0\u00bb bg_grad=\u00a0\u00bbbackground: -webkit-gradient(linear, left top, left bottom, color-stop(0%, #00CC99), color-stop(99%, #EEF2ED));background: -moz-linear-gradient(-45deg,#00CC99 0%,#EEF2ED 99%);background: -webkit-linear-gradient(-45deg,#00CC99 0%,#EEF2ED 99%);background: -o-linear-gradient(-45deg,#00CC99 0%,#EEF2ED 99%);background: -ms-linear-gradient(-45deg,#00CC99 0%,#EEF2ED 99%);background: linear-gradient(-45deg,#00CC99 0%,#EEF2ED 99%);\u00a0\u00bb][vc_column][vc_empty_space height=\u00a0\u00bb80px\u00a0\u00bb][vc_column_text]<\/p>\n<h2 style=\"text-align: center;\"><span style=\"background-color: #ffffff; display: inline; white-space: pre-wrap; border: 0 solid #FFF; border-width: 0.3em 0.2em 0.1em 0.2em;\">GROUPES \u00c9LECTROG\u00c8NES<\/span><\/h2>\n<p>[\/vc_column_text][vc_empty_space height=\u00a0\u00bb120px\u00a0\u00bb][\/vc_column][\/vc_row][vc_row full_width=\u00a0\u00bbstretch_row\u00a0\u00bb bg_type=\u00a0\u00bbbg_color\u00a0\u00bb css=\u00a0\u00bb.vc_custom_1460465607524{margin-top: -50px !important;background-color: #e7ebea !important;}\u00a0\u00bb][vc_column width=\u00a0\u00bb1\/6&Prime;][\/vc_column][vc_column width=\u00a0\u00bb2\/3&Prime;][vc_column_text]<\/p>\n<h4 style=\"text-align: justify; line-height: 120%;\">Nous distribuons des produits dans le secteur \u00c9nergie et Eau: groupes \u00e9lectrog\u00e8nes ouverts, groupes \u00e9lectrog\u00e8nes insonoris\u00e9s, conteneurs, autres produits.<\/h4>\n<p>[\/vc_column_text][\/vc_column][vc_column width=\u00a0\u00bb1\/6&Prime;][\/vc_column][\/vc_row][vc_row full_width=\u00a0\u00bbstretch_row\u00a0\u00bb parallax=\u00a0\u00bbcontent-moving\u00a0\u00bb][vc_column][vc_column_text]<\/p>\n<h5 style=\"text-align: center; text-transform: uppercase;\">GROUPES \u00c9LECTROG\u00c8NES POUR TOUTES LES EXIGENCES, D&rsquo;UNE PUISSANCE ENTRE 2 ET 2 000 KVA.<\/h5>\n<p>[\/vc_column_text][vc_column_text css=\u00a0\u00bb.vc_custom_1508921468531{margin-top: -20px !important;}\u00a0\u00bb]<\/p>\n<h5 style=\"text-align: center; text-transform: uppercase;\">MOTORISATIONS DES MEILLEURES MARQUES: CUMMINS, IVECO, FPT, LOMBARDINI, PERKINS,VOLVO.<\/h5>\n<p>[\/vc_column_text][vc_column_text]<\/p>\n<h3 style=\"text-align: center;\"><span style=\"background-color: #f4f4f4; display: inline; white-space: pre-wrap; border: 0 solid #f4f4f4; border-width: 0.3em 0.2em 0.1em 0.2em;\"><span style=\"color: #00cc99;\">1\/<\/span> GROUPES \u00c9LECTROG\u00c8NES OUVERTS<\/span><\/h3>\n<p>[\/vc_column_text][vc_column_text]<\/p>\n<p style=\"text-align: center;\">Groupes triphas\u00e9s, ouverts, refroidis par eau avec moteurs diesel pour un emploi diversifi\u00e9, du chantier \u00e0 l&rsquo;industrie en passant par l&rsquo;agriculture.<\/p>\n<p>[\/vc_column_text][\/vc_column][\/vc_row][vc_row][vc_column width=\u00a0\u00bb1\/3&Prime;][vc_single_image image=\u00a0\u00bb726&Prime; img_size=\u00a0\u00bbfull\u00a0\u00bb alignment=\u00a0\u00bbcenter\u00a0\u00bb][vc_column_text css=\u00a0\u00bb.vc_custom_1461763019363{margin-top: -30px !important;}\u00a0\u00bb]<\/p>\n<h3 style=\"text-align: center;\">AG 22 L-O<\/h3>\n<p>[\/vc_column_text][vc_separator el_width=\u00a0\u00bb30&Prime;][\/vc_column][vc_column width=\u00a0\u00bb1\/3&Prime;][vc_single_image image=\u00a0\u00bb730&Prime; img_size=\u00a0\u00bbfull\u00a0\u00bb alignment=\u00a0\u00bbcenter\u00a0\u00bb][vc_column_text css=\u00a0\u00bb.vc_custom_1461763071137{margin-top: -30px !important;}\u00a0\u00bb]<\/p>\n<h3 style=\"text-align: center;\">AG 505 D-O<\/h3>\n<p>[\/vc_column_text][vc_separator el_width=\u00a0\u00bb30&Prime;][\/vc_column][vc_column width=\u00a0\u00bb1\/3&Prime;][vc_single_image image=\u00a0\u00bb732&Prime; img_size=\u00a0\u00bbfull\u00a0\u00bb alignment=\u00a0\u00bbcenter\u00a0\u00bb][vc_column_text css=\u00a0\u00bb.vc_custom_1461763133369{margin-top: -30px !important;}\u00a0\u00bb]<\/p>\n<h3 style=\"text-align: center;\">AG 1380 P-O<\/h3>\n<p>[\/vc_column_text][vc_separator el_width=\u00a0\u00bb30&Prime;][\/vc_column][\/vc_row][vc_row full_width=\u00a0\u00bbstretch_row_content_no_spaces\u00a0\u00bb parallax=\u00a0\u00bbcontent-moving\u00a0\u00bb][vc_column][vc_column_text]<\/p>\n<h3 style=\"text-align: center;\"><span style=\"background-color: #f4f4f4; display: inline; white-space: pre-wrap; border: 0 solid #f4f4f4; border-width: 0.3em 0.2em 0.1em 0.2em;\"><span style=\"color: #00cc99;\">2\/<\/span> GROUPES \u00c9LECTROG\u00c8NES INSONORIS\u00c9S<\/span><\/h3>\n<p>[\/vc_column_text][vc_column_text]<\/p>\n<p style=\"text-align: center;\">Les capotages des groupes \u00e9lectrog\u00e8nes sont en acier et assurent la meilleure accessibilit\u00e9 pour les op\u00e9rations d&rsquo;entretien et de nettoyage.<\/p>\n<p>[\/vc_column_text][\/vc_column][\/vc_row][vc_row][vc_column width=\u00a0\u00bb1\/2&Prime;][vc_single_image image=\u00a0\u00bb727&Prime; img_size=\u00a0\u00bb400&#215;400&Prime; alignment=\u00a0\u00bbcenter\u00a0\u00bb][vc_column_text css=\u00a0\u00bb.vc_custom_1461763749142{margin-top: -30px !important;}\u00a0\u00bb]<\/p>\n<h3 style=\"text-align: center;\">AG 22 P-S<\/h3>\n<p>[\/vc_column_text][vc_separator el_width=\u00a0\u00bb30&Prime;][\/vc_column][vc_column width=\u00a0\u00bb1\/2&Prime;][vc_single_image image=\u00a0\u00bb728&Prime; img_size=\u00a0\u00bb400&#215;400&Prime; alignment=\u00a0\u00bbcenter\u00a0\u00bb][vc_column_text css=\u00a0\u00bb.vc_custom_1461764043782{margin-top: -30px !important;}\u00a0\u00bb]<\/p>\n<h3 style=\"text-align: center;\">AG 110\u00a0I-S<\/h3>\n<p>[\/vc_column_text][vc_separator el_width=\u00a0\u00bb30&Prime;][\/vc_column][\/vc_row][vc_row][vc_column width=\u00a0\u00bb1\/2&Prime;][vc_single_image image=\u00a0\u00bb729&Prime; img_size=\u00a0\u00bb400&#215;400&Prime; alignment=\u00a0\u00bbcenter\u00a0\u00bb][vc_column_text css=\u00a0\u00bb.vc_custom_1461764368722{margin-top: -30px !important;}\u00a0\u00bb]<\/p>\n<h3 style=\"text-align: center;\">AG 440\u00a0V-S<\/h3>\n<p>[\/vc_column_text][vc_separator el_width=\u00a0\u00bb30&Prime;][\/vc_column][vc_column width=\u00a0\u00bb1\/2&Prime;][vc_single_image image=\u00a0\u00bb731&Prime; img_size=\u00a0\u00bb400&#215;400&Prime; alignment=\u00a0\u00bbcenter\u00a0\u00bb][vc_column_text css=\u00a0\u00bb.vc_custom_1461764400008{margin-top: -30px !important;}\u00a0\u00bb]<\/p>\n<h3 style=\"text-align: center;\">AG 1120 P-S<\/h3>\n<p>[\/vc_column_text][vc_separator el_width=\u00a0\u00bb30&Prime;][\/vc_column][\/vc_row][vc_row full_width=\u00a0\u00bbstretch_row_content_no_spaces\u00a0\u00bb parallax=\u00a0\u00bbcontent-moving\u00a0\u00bb][vc_column][vc_column_text]<\/p>\n<h3 style=\"text-align: center;\"><span style=\"background-color: #f4f4f4; display: inline; white-space: pre-wrap; border: 0 solid #f4f4f4; border-width: 0.3em 0.2em 0.1em 0.2em;\"><span style=\"color: #00cc99;\">3\/<\/span> AUTRES PRODUITS<\/span><\/h3>\n<p>[\/vc_column_text][\/vc_column][\/vc_row][vc_row][vc_column width=\u00a0\u00bb1\/2&Prime;][vc_single_image image=\u00a0\u00bb736&Prime; img_size=\u00a0\u00bb400&#215;400&Prime; alignment=\u00a0\u00bbcenter\u00a0\u00bb][vc_column_text css=\u00a0\u00bb.vc_custom_1508921569206{margin-top: -30px !important;}\u00a0\u00bb]<\/p>\n<h3 style=\"text-align: center;\">CONTENEURS<\/h3>\n<p>[\/vc_column_text][vc_column_text]<\/p>\n<p style=\"text-align: center;\">Possibilit\u00e9 de montage de groupes \u00e9lectrog\u00e8nes \u00e0 l&rsquo;int\u00e9rieur de bo\u00eetiers de 10&rsquo;\/20&prime;, et d&rsquo;installation de syst\u00e8mes d&rsquo;\u00e9clairage, prises auxiliaires, radiateurs et grilles motoris\u00e9es.<\/p>\n<p>[\/vc_column_text][vc_separator el_width=\u00a0\u00bb30&Prime;][\/vc_column][vc_column width=\u00a0\u00bb1\/2&Prime;][vc_single_image image=\u00a0\u00bb737&Prime; img_size=\u00a0\u00bb400&#215;400&Prime; alignment=\u00a0\u00bbcenter\u00a0\u00bb][vc_column_text css=\u00a0\u00bb.vc_custom_1508921595726{margin-top: -30px !important;}\u00a0\u00bb]<\/p>\n<h3 style=\"text-align: center;\">TOURS PHARE<\/h3>\n<p>[\/vc_column_text][vc_column_text]<\/p>\n<p style=\"text-align: center;\">N\u00e9es pour assurer l&rsquo;\u00e9clairage en toutes circonstances, du chantier de travail nocturne aux grands espaces ext\u00e9rieurs, fixes ou mobiles.<\/p>\n<p>[\/vc_column_text][vc_separator el_width=\u00a0\u00bb30&Prime;][\/vc_column][\/vc_row][vc_row][vc_column][\/vc_column][\/vc_row][vc_row][vc_column][vc_column_text]<\/p>\n<h3 style=\"text-align: center; font-weight: normal;\"><span style=\"color: #00cc99;\">NOUS DISPOSONS DE PI\u00c8CES D\u00c9TACH\u00c9ES POUR NOS GROUPES \u00c9LECTROG\u00c8NES<\/span><\/h3>\n<p>[\/vc_column_text][\/vc_column][\/vc_row]<\/p>\n","protected":false},"excerpt":{"rendered":"<p>[vc_row full_width=\u00a0\u00bbstretch_row\u00a0\u00bb bg_type=\u00a0\u00bbgrad\u00a0\u00bb bg_grad=\u00a0\u00bbbackground: -webkit-gradient(linear, left top, left bottom, color-stop(0%, #00CC99), color-stop(99%, #EEF2ED));background: -moz-linear-gradient(-45deg,#00CC99 0%,#EEF2ED 99%);background: -webkit-linear-gradient(-45deg,#00CC99 0%,#EEF2ED 99%);background: -o-linear-gradient(-45deg,#00CC99 0%,#EEF2ED 99%);background: -ms-linear-gradient(-45deg,#00CC99 0%,#EEF2ED 99%);background: linear-gradient(-45deg,#00CC99<span class=\"excerpt-hellip\"> [\u2026]<\/span><\/p>\n","protected":false},"author":1,"featured_media":0,"parent":0,"menu_order":0,"comment_status":"closed","ping_status":"closed","template":"","meta":{"footnotes":""},"class_list":["post-1321","page","type-page","status-publish","hentry"],"_links":{"self":[{"href":"https:\/\/www.alcarsrl.it\/fr\/wp-json\/wp\/v2\/pages\/1321","targetHints":{"allow":["GET"]}}],"collection":[{"href":"https:\/\/www.alcarsrl.it\/fr\/wp-json\/wp\/v2\/pages"}],"about":[{"href":"https:\/\/www.alcarsrl.it\/fr\/wp-json\/wp\/v2\/types\/page"}],"author":[{"embeddable":true,"href":"https:\/\/www.alcarsrl.it\/fr\/wp-json\/wp\/v2\/users\/1"}],"replies":[{"embeddable":true,"href":"https:\/\/www.alcarsrl.it\/fr\/wp-json\/wp\/v2\/comments?post=1321"}],"version-history":[{"count":4,"href":"https:\/\/www.alcarsrl.it\/fr\/wp-json\/wp\/v2\/pages\/1321\/revisions"}],"predecessor-version":[{"id":1325,"href":"https:\/\/www.alcarsrl.it\/fr\/wp-json\/wp\/v2\/pages\/1321\/revisions\/1325"}],"wp:attachment":[{"href":"https:\/\/www.alcarsrl.it\/fr\/wp-json\/wp\/v2\/media?parent=1321"}],"curies":[{"name":"wp","href":"https:\/\/api.w.org\/{rel}","templated":true}]}}