{"id":1326,"date":"2017-10-25T10:55:20","date_gmt":"2017-10-25T08:55:20","guid":{"rendered":"http:\/\/www.alcarsrl.it\/?page_id=1326"},"modified":"2017-11-14T15:03:17","modified_gmt":"2017-11-14T14:03:17","slug":"embrayages-et-motopompes","status":"publish","type":"page","link":"https:\/\/www.alcarsrl.it\/fr\/embrayages-et-motopompes\/","title":{"rendered":"embrayages et motopompes"},"content":{"rendered":"<p>[vc_row full_width=\u00a0\u00bbstretch_row\u00a0\u00bb bg_type=\u00a0\u00bbgrad\u00a0\u00bb bg_grad=\u00a0\u00bbbackground: -webkit-gradient(linear, left top, left bottom, color-stop(0%, #00CC99), color-stop(99%, #EEF2ED));background: -moz-linear-gradient(-45deg,#00CC99 0%,#EEF2ED 99%);background: -webkit-linear-gradient(-45deg,#00CC99 0%,#EEF2ED 99%);background: -o-linear-gradient(-45deg,#00CC99 0%,#EEF2ED 99%);background: -ms-linear-gradient(-45deg,#00CC99 0%,#EEF2ED 99%);background: linear-gradient(-45deg,#00CC99 0%,#EEF2ED 99%);\u00a0\u00bb][vc_column][vc_empty_space height=\u00a0\u00bb80px\u00a0\u00bb][vc_column_text]<\/p>\n<h2 style=\"text-align: center;\"><span style=\"background-color: #ffffff; display: inline; white-space: pre-wrap; border: 0 solid #FFF; border-width: 0.3em 0.2em 0.1em 0.2em;\">EMBRAYAGES ET MOTOPOMPES<\/span><\/h2>\n<p>[\/vc_column_text][vc_empty_space height=\u00a0\u00bb120px\u00a0\u00bb][\/vc_column][\/vc_row][vc_row full_width=\u00a0\u00bbstretch_row\u00a0\u00bb bg_type=\u00a0\u00bbbg_color\u00a0\u00bb css=\u00a0\u00bb.vc_custom_1460465607524{margin-top: -50px !important;background-color: #e7ebea !important;}\u00a0\u00bb][vc_column width=\u00a0\u00bb1\/6&Prime;][\/vc_column][vc_column width=\u00a0\u00bb2\/3&Prime;][vc_column_text]<\/p>\n<h4 style=\"text-align: justify; line-height: 120%;\">Nous sommes sp\u00e9cialis\u00e9s dans la fabrication et la vente de motopompes pour l&rsquo;irrigation, l&rsquo;industrie, le b\u00e2timent et les syst\u00e8mes anti-incendie. Con\u00e7ues avec le plus grand soin du d\u00e9tail, les motopompes Alcar assurent des prestations \u00e9lev\u00e9es et une grande fiabilit\u00e9.<\/h4>\n<p>[\/vc_column_text][\/vc_column][vc_column width=\u00a0\u00bb1\/6&Prime;][\/vc_column][\/vc_row][vc_row parallax=\u00a0\u00bbcontent-moving\u00a0\u00bb][vc_column][vc_column_text]<\/p>\n<h3 style=\"text-align: center;\"><span style=\"color: #00cc99;\">1\/<\/span> ENGINS, MOTOPOMPES ET TECHNOLOGIES POUR L&rsquo;IRRIGATION<\/h3>\n<p>[\/vc_column_text][\/vc_column][\/vc_row][vc_row][vc_column width=\u00a0\u00bb1\/2&Prime;][vc_row_inner][vc_column_inner css=\u00a0\u00bb.vc_custom_1460717151216{padding-right: 20px !important;padding-left: 20px !important;}\u00a0\u00bb][vc_column_text]<\/p>\n<h5>IRRIGATEURS<\/h5>\n<p>[\/vc_column_text][vc_column_text]<\/p>\n<p style=\"text-align: justify;\">La derni\u00e8re g\u00e9n\u00e9ration d&rsquo;irrigateurs regroupe toutes les caract\u00e9ristiques du syst\u00e8me id\u00e9al pour l&rsquo;irrigation : qualit\u00e9 absolue, utilisation extr\u00eamement simple et pratique, fiabilit\u00e9 maximale pour tous types de cultures et de terrains, niveaux r\u00e9duits de consommation d&rsquo;\u00e9nergie et de perte de charge, frais d&rsquo;entretien pratiquement absents, prix d&rsquo;achat hautement comp\u00e9titifs.<\/p>\n<p>[\/vc_column_text][\/vc_column_inner][\/vc_row_inner][vc_row_inner][vc_column_inner][vc_single_image image=\u00a0\u00bb1066&Prime; img_size=\u00a0\u00bbfull\u00a0\u00bb alignment=\u00a0\u00bbcenter\u00a0\u00bb css_animation=\u00a0\u00bbappear\u00a0\u00bb][\/vc_column_inner][\/vc_row_inner][vc_separator el_width=\u00a0\u00bb30&Prime;][\/vc_column][vc_column width=\u00a0\u00bb1\/2&Prime;][vc_row_inner][vc_column_inner css=\u00a0\u00bb.vc_custom_1460717161183{padding-right: 20px !important;padding-left: 20px !important;}\u00a0\u00bb][vc_column_text]<\/p>\n<h5>MOTOPOMPES D&rsquo;IRRIGATION<\/h5>\n<p>[\/vc_column_text][vc_column_text]Groupes motopompe pour l&rsquo;irrigation compos\u00e9s de moteurs diesel accoupl\u00e9s \u00e0 des pompes \u00e0 axe horizontal ou brid\u00e9es.[\/vc_column_text][\/vc_column_inner][\/vc_row_inner][vc_row_inner][vc_column_inner][vc_single_image image=\u00a0\u00bb869&Prime; img_size=\u00a0\u00bbfull\u00a0\u00bb alignment=\u00a0\u00bbcenter\u00a0\u00bb css_animation=\u00a0\u00bbappear\u00a0\u00bb][\/vc_column_inner][\/vc_row_inner][vc_separator el_width=\u00a0\u00bb30&Prime;][\/vc_column][\/vc_row][vc_row parallax=\u00a0\u00bbcontent-moving\u00a0\u00bb][vc_column][vc_column_text]<\/p>\n<h3 style=\"text-align: center;\"><span style=\"color: #00cc99;\">2\/<\/span> GROUPES MOTOPOMPE POUR L&rsquo;INDUSTRIE ET LE B\u00c2TIMENT<\/h3>\n<p>[\/vc_column_text][\/vc_column][\/vc_row][vc_row][vc_column width=\u00a0\u00bb1\/2&Prime;][vc_row_inner][vc_column_inner css=\u00a0\u00bb.vc_custom_1460717172208{padding-right: 20px !important;padding-left: 20px !important;}\u00a0\u00bb][vc_column_text]<\/p>\n<h5>MOTOPOMPES ASSIST\u00c9ES PAR VIDE<\/h5>\n<p>[\/vc_column_text][vc_column_text]<\/p>\n<p style=\"text-align: justify;\">Les motopompes assist\u00e9es par vide professionnelles permettent un amor\u00e7age rapide et la possibilit\u00e9 de pomper de l&rsquo;eau m\u00eame en pr\u00e9sence de pourcentages d&rsquo;air \u00e9lev\u00e9s.<\/p>\n<p>[\/vc_column_text][\/vc_column_inner][\/vc_row_inner][vc_row_inner][vc_column_inner][vc_single_image image=\u00a0\u00bb873&Prime; img_size=\u00a0\u00bbfull\u00a0\u00bb alignment=\u00a0\u00bbcenter\u00a0\u00bb css_animation=\u00a0\u00bbappear\u00a0\u00bb][\/vc_column_inner][\/vc_row_inner][vc_separator el_width=\u00a0\u00bb30&Prime;][\/vc_column][vc_column width=\u00a0\u00bb1\/2&Prime;][vc_row_inner][vc_column_inner css=\u00a0\u00bb.vc_custom_1460717182884{padding-right: 20px !important;padding-left: 20px !important;}\u00a0\u00bb][vc_column_text]<\/p>\n<h5>MOTOPOMPES \u00c0 AMOR\u00c7AGE AUTOMATIQUE<\/h5>\n<p>[\/vc_column_text][vc_column_text]<\/p>\n<p style=\"text-align: justify;\">Con\u00e7ues pour satisfaire toutes les exigences de pompage des eaux claires, noires, troubles, fangeuses ou sablonneuses. Elles sont extr\u00eamement compactes et s\u00fbres et elles s&rsquo;amorcent automatiquement (m\u00eame avec un d\u00e9nivel\u00e9 de 7,5 m) et permettent le passage d&rsquo;objets de grandes dimensions ; inspectables sans besoin de man\u0153uvre complexe, elles sont faciles \u00e0 entretenir.<\/p>\n<p>[\/vc_column_text][\/vc_column_inner][\/vc_row_inner][vc_row_inner][vc_column_inner][vc_single_image image=\u00a0\u00bb875&Prime; img_size=\u00a0\u00bbfull\u00a0\u00bb alignment=\u00a0\u00bbcenter\u00a0\u00bb css_animation=\u00a0\u00bbappear\u00a0\u00bb][\/vc_column_inner][\/vc_row_inner][vc_separator el_width=\u00a0\u00bb30&Prime;][\/vc_column][\/vc_row][vc_row parallax=\u00a0\u00bbcontent-moving\u00a0\u00bb][vc_column][vc_column_text]<\/p>\n<h3 style=\"text-align: center;\"><span style=\"color: #00cc99;\">3\/<\/span> MOTOPOMPES POUR SYST\u00c8MES ANTI-INCENDIE ET PRESSURISATION<\/h3>\n<p>[\/vc_column_text][\/vc_column][\/vc_row][vc_row][vc_column width=\u00a0\u00bb1\/2&Prime;][vc_row_inner][vc_column_inner css=\u00a0\u00bb.vc_custom_1460717198150{padding-right: 20px !important;padding-left: 20px !important;}\u00a0\u00bb][vc_column_text]<\/p>\n<h5>GROUPES ANTI-INCENDIE<\/h5>\n<p>[\/vc_column_text][vc_column_text]<\/p>\n<p style=\"text-align: justify;\">La gamme standard de groupes anti-incendie EN12845 comprend les versions base avec joint et immerg\u00e9es. Ils sont pr\u00e9assembl\u00e9s sur un ch\u00e2ssis robuste en acier zingu\u00e9 comprenant aussi la structure des tableaux \u00e9lectriques. Gr\u00e2ce \u00e0 la qualit\u00e9 des mat\u00e9riaux employ\u00e9s dans leur fabrication, les modules sont aussi extr\u00eamement fiables et peuvent \u00eatre am\u00e9nag\u00e9s \u00e0 la discr\u00e9tion du client, toujours dans le respect des r\u00e9glementations en vigueur.<\/p>\n<p>[\/vc_column_text][\/vc_column_inner][\/vc_row_inner][vc_row_inner][vc_column_inner][vc_single_image image=\u00a0\u00bb1209&Prime; img_size=\u00a0\u00bbfull\u00a0\u00bb alignment=\u00a0\u00bbcenter\u00a0\u00bb css_animation=\u00a0\u00bbappear\u00a0\u00bb][\/vc_column_inner][\/vc_row_inner][vc_separator el_width=\u00a0\u00bb30&Prime;][\/vc_column][vc_column width=\u00a0\u00bb1\/2&Prime;][vc_row_inner][vc_column_inner css=\u00a0\u00bb.vc_custom_1460717207015{padding-right: 20px !important;padding-left: 20px !important;}\u00a0\u00bb][vc_column_text]<\/p>\n<h5>GROUPES DE PRESSURISATION<\/h5>\n<p>[\/vc_column_text][vc_column_text]<\/p>\n<p style=\"text-align: justify;\">Groupes de pressurisation r\u00e9alis\u00e9s avec 2, 3 ou 4 \u00e9lectropompes multi\u00e9tages verticales ou centrifuges monobloc horizontales \u00e0 fonctionnement automatique, command\u00e9es par un tableau \u00e9lectro-m\u00e9canique reli\u00e9 \u00e0 des pressostats ou par un d\u00e9marreur \u00e0 inverter. Ils sont pr\u00e9par\u00e9s pour le fonctionnement avec autoclave.<\/p>\n<p>[\/vc_column_text][\/vc_column_inner][\/vc_row_inner][vc_row_inner][vc_column_inner][vc_single_image image=\u00a0\u00bb882&Prime; img_size=\u00a0\u00bbfull\u00a0\u00bb alignment=\u00a0\u00bbcenter\u00a0\u00bb css_animation=\u00a0\u00bbappear\u00a0\u00bb][\/vc_column_inner][\/vc_row_inner][vc_separator el_width=\u00a0\u00bb30&Prime;][\/vc_column][\/vc_row][vc_row][vc_column][vc_column_text]<\/p>\n<h3 style=\"text-align: center; font-weight: normal;\"><span style=\"color: #00cc99;\">POUR VOS DEMANDES SP\u00c9CIALES, CONTACTEZ-NOUS \u00c0 TRAVERS LE FORMULAIRE CI-DESSOUS. MERCI.<\/span><\/h3>\n<p>[\/vc_column_text][\/vc_column][\/vc_row]<\/p>\n","protected":false},"excerpt":{"rendered":"<p>[vc_row full_width=\u00a0\u00bbstretch_row\u00a0\u00bb bg_type=\u00a0\u00bbgrad\u00a0\u00bb bg_grad=\u00a0\u00bbbackground: -webkit-gradient(linear, left top, left bottom, color-stop(0%, #00CC99), color-stop(99%, #EEF2ED));background: -moz-linear-gradient(-45deg,#00CC99 0%,#EEF2ED 99%);background: -webkit-linear-gradient(-45deg,#00CC99 0%,#EEF2ED 99%);background: -o-linear-gradient(-45deg,#00CC99 0%,#EEF2ED 99%);background: -ms-linear-gradient(-45deg,#00CC99 0%,#EEF2ED 99%);background: linear-gradient(-45deg,#00CC99<span class=\"excerpt-hellip\"> [\u2026]<\/span><\/p>\n","protected":false},"author":1,"featured_media":0,"parent":0,"menu_order":0,"comment_status":"closed","ping_status":"closed","template":"","meta":{"footnotes":""},"class_list":["post-1326","page","type-page","status-publish","hentry"],"_links":{"self":[{"href":"https:\/\/www.alcarsrl.it\/fr\/wp-json\/wp\/v2\/pages\/1326","targetHints":{"allow":["GET"]}}],"collection":[{"href":"https:\/\/www.alcarsrl.it\/fr\/wp-json\/wp\/v2\/pages"}],"about":[{"href":"https:\/\/www.alcarsrl.it\/fr\/wp-json\/wp\/v2\/types\/page"}],"author":[{"embeddable":true,"href":"https:\/\/www.alcarsrl.it\/fr\/wp-json\/wp\/v2\/users\/1"}],"replies":[{"embeddable":true,"href":"https:\/\/www.alcarsrl.it\/fr\/wp-json\/wp\/v2\/comments?post=1326"}],"version-history":[{"count":4,"href":"https:\/\/www.alcarsrl.it\/fr\/wp-json\/wp\/v2\/pages\/1326\/revisions"}],"predecessor-version":[{"id":1609,"href":"https:\/\/www.alcarsrl.it\/fr\/wp-json\/wp\/v2\/pages\/1326\/revisions\/1609"}],"wp:attachment":[{"href":"https:\/\/www.alcarsrl.it\/fr\/wp-json\/wp\/v2\/media?parent=1326"}],"curies":[{"name":"wp","href":"https:\/\/api.w.org\/{rel}","templated":true}]}}