{"id":1499,"date":"2017-10-28T09:53:08","date_gmt":"2017-10-28T07:53:08","guid":{"rendered":"http:\/\/www.alcarsrl.it\/?page_id=1499\/"},"modified":"2017-10-28T09:57:40","modified_gmt":"2017-10-28T07:57:40","slug":"pieces-detachees-pour-engins-de-terrassement","status":"publish","type":"page","link":"https:\/\/www.alcarsrl.it\/fr\/pieces-detachees-pour-engins-de-terrassement\/","title":{"rendered":"pi\u00e8ces d\u00e9tach\u00e9es pour engins de terrassement"},"content":{"rendered":"<p>[vc_row full_width=\u00a0\u00bbstretch_row\u00a0\u00bb equal_height=\u00a0\u00bbyes\u00a0\u00bb content_placement=\u00a0\u00bbmiddle\u00a0\u00bb bg_type=\u00a0\u00bbbg_color\u00a0\u00bb css=\u00a0\u00bb.vc_custom_1463471703687{margin-top: 0px !important;background-color: #e7ebea !important;}\u00a0\u00bb][vc_column width=\u00a0\u00bb1\/4&Prime;][vc_single_image image=\u00a0\u00bb47&Prime; img_size=\u00a0\u00bb128&#215;75&Prime; alignment=\u00a0\u00bbcenter\u00a0\u00bb css=\u00a0\u00bb.vc_custom_1461749233077{padding-top: 10px !important;}\u00a0\u00bb][\/vc_column][vc_column width=\u00a0\u00bb3\/4&Prime;][vc_column_text css=\u00a0\u00bb.vc_custom_1509177210723{padding-right: 20px !important;padding-left: 20px !important;}\u00a0\u00bb]<\/p>\n<h4 style=\"text-align: justify; line-height: 120%;\">Notre offre comprend des pi\u00e8ces d\u00e9tach\u00e9es et des composants de moteurs, de groupes hydrauliques et de trains de roulement pour engins de terrassement et de b\u00e2timent de la ligne CNH CONSTRUCTION, FIAT-HITACHI, FIAT-KOBELCO de fabrication r\u00e9cente et ancienne, et d&rsquo;autres marques de premier rang.<\/h4>\n<p>[\/vc_column_text][\/vc_column][\/vc_row][vc_row][vc_column width=\u00a0\u00bb1\/3&Prime;][vc_single_image image=\u00a0\u00bb848&Prime; img_size=\u00a0\u00bbmedium\u00a0\u00bb alignment=\u00a0\u00bbcenter\u00a0\u00bb css_animation=\u00a0\u00bbappear\u00a0\u00bb][vc_column_text]<\/p>\n<h3 style=\"text-align: center;\">PI\u00c8CES D\u00c9TACH\u00c9ES MOTEUR<br \/>\nET INJECTION<\/h3>\n<p>[\/vc_column_text][vc_column_text css=\u00a0\u00bb.vc_custom_1509177233953{padding-right: 20px !important;padding-left: 20px !important;}\u00a0\u00bb]T\u00eates de moteurs, pistons complets, enveloppes, s\u00e9ries d&rsquo;anneaux, fourreaux, arbres moteurs, arbres \u00e0 cames, bo\u00eetes de vitesses, pompes \u00e0 huile et \u00e0 eau, s\u00e9ries de joints, injecteurs, buses d&rsquo;injections, pompes d&rsquo;injection et d&rsquo;alimentation, embrayages, d\u00e9marreurs et alternateurs, compresseurs, turbocompresseurs et filtres.[\/vc_column_text][vc_separator el_width=\u00a0\u00bb30&Prime;][\/vc_column][vc_column width=\u00a0\u00bb1\/3&Prime;][vc_single_image image=\u00a0\u00bb851&Prime; img_size=\u00a0\u00bbmedium\u00a0\u00bb alignment=\u00a0\u00bbcenter\u00a0\u00bb css_animation=\u00a0\u00bbappear\u00a0\u00bb][vc_column_text]<\/p>\n<h3 style=\"text-align: center;\">PI\u00c8CES D\u00c9TACH\u00c9ES TRANSMISSION,<br \/>\nESSIEU, DIRECTION, FREINS ET SUSPENSIONS<\/h3>\n<p>[\/vc_column_text][vc_column_text css=\u00a0\u00bb.vc_custom_1509177253536{padding-right: 20px !important;padding-left: 20px !important;}\u00a0\u00bb]Timonerie, moyeux, paliers, pivots, arbres de direction, joints, tambours, disques et sabots de frein, barres stabilisatrices, bras oscillants, amortisseurs.[\/vc_column_text][vc_separator el_width=\u00a0\u00bb30&Prime;][\/vc_column][vc_column width=\u00a0\u00bb1\/3&Prime;][vc_single_image image=\u00a0\u00bb815&Prime; img_size=\u00a0\u00bbmedium\u00a0\u00bb alignment=\u00a0\u00bbcenter\u00a0\u00bb css_animation=\u00a0\u00bbappear\u00a0\u00bb][vc_column_text]<\/p>\n<h3 style=\"text-align: center;\">PI\u00c8CES D\u00c9TACH\u00c9ES ET COMPOSANTS<br \/>\nHYDRAULIQUES ET PNEUMATIQUES<\/h3>\n<p>[\/vc_column_text][vc_column_text css=\u00a0\u00bb.vc_custom_1509177279905{padding-right: 20px !important;padding-left: 20px !important;}\u00a0\u00bb]Pompes et moteurs ol\u00e9odynamiques, v\u00e9rins hydrauliques et pneumatiques, distributeurs et soupapes ol\u00e9odynamiques, tubes hydrauliques.[\/vc_column_text][vc_separator el_width=\u00a0\u00bb30&Prime;][\/vc_column][\/vc_row][vc_row][vc_column width=\u00a0\u00bb1\/3&Prime;][vc_single_image image=\u00a0\u00bb855&Prime; img_size=\u00a0\u00bbmedium\u00a0\u00bb alignment=\u00a0\u00bbcenter\u00a0\u00bb css_animation=\u00a0\u00bbappear\u00a0\u00bb][vc_column_text]<\/p>\n<h3 style=\"text-align: center;\">PI\u00c8CES D\u00c9TACH\u00c9ES DE SUJETS<\/h3>\n<p>[\/vc_column_text][vc_column_text css=\u00a0\u00bb.vc_custom_1509177442864{padding-right: 20px !important;padding-left: 20px !important;}\u00a0\u00bb]Cat\u00e9naire \u00e0 galets, chenilles, patins, galets, couronnes dent\u00e9es et \u00e9l\u00e9ments anti-usure.[\/vc_column_text][vc_separator el_width=\u00a0\u00bb30&Prime;][\/vc_column][vc_column width=\u00a0\u00bb1\/3&Prime;][vc_single_image image=\u00a0\u00bb1189&Prime; img_size=\u00a0\u00bbmedium\u00a0\u00bb alignment=\u00a0\u00bbcenter\u00a0\u00bb css_animation=\u00a0\u00bbappear\u00a0\u00bb][vc_column_text]<\/p>\n<h3 style=\"text-align: center;\">MOTEURS DE RECHANGE<\/h3>\n<p>[\/vc_column_text][vc_column_text css=\u00a0\u00bb.vc_custom_1509177453079{padding-right: 20px !important;padding-left: 20px !important;}\u00a0\u00bb]Moteurs complets, semi-complets ou all\u00e9g\u00e9s.[\/vc_column_text][vc_separator el_width=\u00a0\u00bb30&Prime;][\/vc_column][vc_column width=\u00a0\u00bb1\/3&Prime;][\/vc_column][\/vc_row][vc_row full_width=\u00a0\u00bbstretch_row\u00a0\u00bb css=\u00a0\u00bb.vc_custom_1463471775575{border-top-width: 1px !important;background-image: url(https:\/\/www.alcarsrl.it\/wp-content\/uploads\/2016\/04\/alcar_a_texture.png?id=936) !important;border-top-color: #f2f2f2 !important;border-top-style: solid !important;}\u00a0\u00bb][vc_column][vc_single_image image=\u00a0\u00bb275&Prime; img_size=\u00a0\u00bb580&#215;480&Prime; alignment=\u00a0\u00bbcenter\u00a0\u00bb][\/vc_column][\/vc_row]<\/p>\n","protected":false},"excerpt":{"rendered":"<p>[vc_row full_width=\u00a0\u00bbstretch_row\u00a0\u00bb equal_height=\u00a0\u00bbyes\u00a0\u00bb content_placement=\u00a0\u00bbmiddle\u00a0\u00bb bg_type=\u00a0\u00bbbg_color\u00a0\u00bb css=\u00a0\u00bb.vc_custom_1463471703687{margin-top: 0px !important;background-color: #e7ebea !important;}\u00a0\u00bb][vc_column width=\u00a0\u00bb1\/4&Prime;][vc_single_image image=\u00a0\u00bb47&Prime; img_size=\u00a0\u00bb128&#215;75&Prime; alignment=\u00a0\u00bbcenter\u00a0\u00bb css=\u00a0\u00bb.vc_custom_1461749233077{padding-top: 10px !important;}\u00a0\u00bb][\/vc_column][vc_column width=\u00a0\u00bb3\/4&Prime;][vc_column_text css=\u00a0\u00bb.vc_custom_1509177210723{padding-right: 20px !important;padding-left: 20px !important;}\u00a0\u00bb] Notre offre comprend<span class=\"excerpt-hellip\"> [\u2026]<\/span><\/p>\n","protected":false},"author":1,"featured_media":0,"parent":0,"menu_order":0,"comment_status":"closed","ping_status":"closed","template":"","meta":{"footnotes":""},"class_list":["post-1499","page","type-page","status-publish","hentry"],"_links":{"self":[{"href":"https:\/\/www.alcarsrl.it\/fr\/wp-json\/wp\/v2\/pages\/1499","targetHints":{"allow":["GET"]}}],"collection":[{"href":"https:\/\/www.alcarsrl.it\/fr\/wp-json\/wp\/v2\/pages"}],"about":[{"href":"https:\/\/www.alcarsrl.it\/fr\/wp-json\/wp\/v2\/types\/page"}],"author":[{"embeddable":true,"href":"https:\/\/www.alcarsrl.it\/fr\/wp-json\/wp\/v2\/users\/1"}],"replies":[{"embeddable":true,"href":"https:\/\/www.alcarsrl.it\/fr\/wp-json\/wp\/v2\/comments?post=1499"}],"version-history":[{"count":3,"href":"https:\/\/www.alcarsrl.it\/fr\/wp-json\/wp\/v2\/pages\/1499\/revisions"}],"predecessor-version":[{"id":1502,"href":"https:\/\/www.alcarsrl.it\/fr\/wp-json\/wp\/v2\/pages\/1499\/revisions\/1502"}],"wp:attachment":[{"href":"https:\/\/www.alcarsrl.it\/fr\/wp-json\/wp\/v2\/media?parent=1499"}],"curies":[{"name":"wp","href":"https:\/\/api.w.org\/{rel}","templated":true}]}}